{"id":2954,"date":"2026-04-20T07:58:12","date_gmt":"2026-04-20T11:58:12","guid":{"rendered":"https:\/\/csee-scee.ca\/?page_id=2954"},"modified":"2026-04-20T10:35:12","modified_gmt":"2026-04-20T14:35:12","slug":"csee-merchandise","status":"publish","type":"page","link":"https:\/\/csee-scee.ca\/fr\/csee-merchandise\/","title":{"rendered":"Articles de la SCEE"},"content":{"rendered":"<div data-elementor-type=\"wp-page\" data-elementor-id=\"2954\" class=\"elementor elementor-2954\" data-elementor-post-type=\"page\">\n\t\t\t\t<div class=\"elementor-element elementor-element-c2a9641 e-flex e-con-boxed e-con e-parent\" data-id=\"c2a9641\" data-element_type=\"container\">\n\t\t\t\t\t<div class=\"e-con-inner\">\n\t\t\t\t<div class=\"elementor-element elementor-element-03c8436 elementor-widget elementor-widget-text-editor\" data-id=\"03c8436\" data-element_type=\"widget\" data-widget_type=\"text-editor.default\">\n\t\t\t\t<div class=\"elementor-widget-container\">\n\t\t\t\t\t\t\t<p data-start=\"92\" data-end=\"235\"><strong data-start=\"92\" data-end=\"147\">La SCEE c\u00e9l\u00e8bre cette ann\u00e9e son 20e anniversaire !<\/strong><br data-start=\"147\" data-end=\"150\" \/>Procurez-vous nos mugs en c\u00e9ramique et carnets en \u00e9dition limit\u00e9e : seulement 100 exemplaires de chaque sont disponibles.<\/p><p data-start=\"237\" data-end=\"385\">Pr\u00e9commandez d\u00e8s maintenant pour un retrait lors de la r\u00e9union, ou passez votre commande pour les mugs et carnets directement pendant l\u2019\u00e9v\u00e9nement.<br data-start=\"343\" data-end=\"346\" \/>Les paiements se font via PayPal (pas d\u2019esp\u00e8ces).<\/p><p data-start=\"387\" data-end=\"599\"><strong data-start=\"387\" data-end=\"400\">Reminder:<\/strong> Rappel : les t-shirts de la r\u00e9union doivent \u00eatre command\u00e9s \u00e0 l\u2019avance via le formulaire Google avant le <strong data-start=\"468\" data-end=\"480\">27 avril.<\/strong> Ils ne <strong data-start=\"493\" data-end=\"500\">seront pas<\/strong> disponibles \u00e0 l\u2019achat lors de la r\u00e9union.<\/p><p data-start=\"387\" data-end=\"599\">Tous les articles seront uniquement disponibles pour retrait lors de la r\u00e9union.<\/p>\t\t\t\t\t\t<\/div>\n\t\t\t\t<\/div>\n\t\t\t\t\t<\/div>\n\t\t\t\t<\/div>\n\t\t<div class=\"elementor-element elementor-element-e44fddc e-flex e-con-boxed e-con e-parent\" data-id=\"e44fddc\" data-element_type=\"container\">\n\t\t\t\t\t<div class=\"e-con-inner\">\n\t\t<div class=\"elementor-element elementor-element-6a8d262 e-con-full e-flex e-con e-child\" data-id=\"6a8d262\" data-element_type=\"container\">\n\t\t\t\t<div class=\"elementor-element elementor-element-9ce155f elementor-skin-carousel elementor-arrows-yes elementor-pagination-type-bullets elementor-pagination-position-outside elementor-widget elementor-widget-media-carousel\" data-id=\"9ce155f\" data-element_type=\"widget\" data-settings=\"{&quot;skin&quot;:&quot;carousel&quot;,&quot;effect&quot;:&quot;slide&quot;,&quot;show_arrows&quot;:&quot;yes&quot;,&quot;pagination&quot;:&quot;bullets&quot;,&quot;speed&quot;:500,&quot;autoplay&quot;:&quot;yes&quot;,&quot;autoplay_speed&quot;:5000,&quot;loop&quot;:&quot;yes&quot;,&quot;pause_on_hover&quot;:&quot;yes&quot;,&quot;pause_on_interaction&quot;:&quot;yes&quot;,&quot;space_between&quot;:{&quot;unit&quot;:&quot;px&quot;,&quot;size&quot;:10,&quot;sizes&quot;:[]},&quot;space_between_tablet&quot;:{&quot;unit&quot;:&quot;px&quot;,&quot;size&quot;:10,&quot;sizes&quot;:[]},&quot;space_between_mobile&quot;:{&quot;unit&quot;:&quot;px&quot;,&quot;size&quot;:10,&quot;sizes&quot;:[]}}\" data-widget_type=\"media-carousel.default\">\n\t\t\t\t<div class=\"elementor-widget-container\">\n\t\t\t\t\t<div class=\"elementor-swiper\">\n\t\t\t<div class=\"elementor-main-swiper swiper\">\n\t\t\t\t<div class=\"swiper-wrapper\">\n\t\t\t\t\t\t\t\t\t\t\t<div class=\"swiper-slide\">\n\t\t\t\t\t\t\t\t\t<div class=\"elementor-carousel-image\" role=\"img\" aria-label=\"MUG\" style=\"background-image: url(&#039;https:\/\/csee-scee.ca\/wp-content\/uploads\/MUG.jpeg&#039;)\">\n\n\t\t\t\n\t\t\t\t\t<\/div>\n\t\t\t\t\t\t\t\t<\/div>\n\t\t\t\t\t\t\t\t\t\t\t<div class=\"swiper-slide\">\n\t\t\t\t\t\t\t\t\t<div class=\"elementor-carousel-image\" role=\"img\" aria-label=\"MUG2\" style=\"background-image: url(&#039;https:\/\/csee-scee.ca\/wp-content\/uploads\/MUG2.jpeg&#039;)\">\n\n\t\t\t\n\t\t\t\t\t<\/div>\n\t\t\t\t\t\t\t\t<\/div>\n\t\t\t\t\t\t\t\t\t<\/div>\n\t\t\t\t\t\t\t\t\t\t\t\t\t\t\t<div class=\"swiper-pagination\"><\/div>\n\t\t\t\t\t\t\t\t\t\t\t\t\t\t\t\t<div class=\"elementor-swiper-button elementor-swiper-button-prev\" role=\"button\" tabindex=\"0\">\n\t\t\t\t\t\t\t<svg aria-hidden=\"true\" class=\"e-font-icon-svg e-eicon-chevron-left\" viewbox=\"0 0 1000 1000\" xmlns=\"http:\/\/www.w3.org\/2000\/svg\"><path d=\"M646 125C629 125 613 133 604 142L308 442C296 454 292 471 292 487 292 504 296 521 308 533L604 854C617 867 629 875 646 875 663 875 679 871 692 858 704 846 713 829 713 812 713 796 708 779 692 767L438 487 692 225C700 217 708 204 708 187 708 171 704 154 692 142 675 129 663 125 646 125Z\"><\/path><\/svg>\t\t\t\t\t\t\t<span class=\"elementor-screen-only\">Previous<\/span>\n\t\t\t\t\t\t<\/div>\n\t\t\t\t\t\t<div class=\"elementor-swiper-button elementor-swiper-button-next\" role=\"button\" tabindex=\"0\">\n\t\t\t\t\t\t\t<svg aria-hidden=\"true\" class=\"e-font-icon-svg e-eicon-chevron-right\" viewbox=\"0 0 1000 1000\" xmlns=\"http:\/\/www.w3.org\/2000\/svg\"><path d=\"M696 533C708 521 713 504 713 487 713 471 708 454 696 446L400 146C388 133 375 125 354 125 338 125 325 129 313 142 300 154 292 171 292 187 292 204 296 221 308 233L563 492 304 771C292 783 288 800 288 817 288 833 296 850 308 863 321 871 338 875 354 875 371 875 388 867 400 854L696 533Z\"><\/path><\/svg>\t\t\t\t\t\t\t<span class=\"elementor-screen-only\">Next<\/span>\n\t\t\t\t\t\t<\/div>\n\t\t\t\t\t\t\t\t\t\t\t\t<\/div>\n\t\t<\/div>\n\t\t\t\t<\/div>\n\t\t\t\t<\/div>\n\t\t\t\t<\/div>\n\t\t<div class=\"elementor-element elementor-element-6776ef9 e-con-full e-flex e-con e-child\" data-id=\"6776ef9\" data-element_type=\"container\">\n\t\t<div class=\"elementor-element elementor-element-46c0a6d e-con-full e-flex e-con e-child\" data-id=\"46c0a6d\" data-element_type=\"container\">\n\t\t\t\t<div class=\"elementor-element elementor-element-9e8d926 elementor-widget elementor-widget-text-editor\" data-id=\"9e8d926\" data-element_type=\"widget\" data-widget_type=\"text-editor.default\">\n\t\t\t\t<div class=\"elementor-widget-container\">\n\t\t\t\t\t\t\t<h5><strong>Limited Edition 20th Aniversary Ceramic Mug\u00a0<\/strong><\/h5><p>$20.00 CAD<\/p><p>Taille : 11 oz<\/p>\t\t\t\t\t\t<\/div>\n\t\t\t\t<\/div>\n\t\t\t\t<\/div>\n\t\t<div class=\"elementor-element elementor-element-6bfcb29 e-con-full e-flex e-con e-child\" data-id=\"6bfcb29\" data-element_type=\"container\">\n\t\t\t\t<div class=\"elementor-element elementor-element-8aea9e2 elementor-align-right elementor-widget elementor-widget-button\" data-id=\"8aea9e2\" data-element_type=\"widget\" data-widget_type=\"button.default\">\n\t\t\t\t<div class=\"elementor-widget-container\">\n\t\t\t\t\t\t\t<div class=\"elementor-button-wrapper\">\n\t\t\t\t\t<a class=\"elementor-button elementor-button-link elementor-size-sm\" href=\"https:\/\/www.paypal.com\/ncp\/payment\/DJ5LBR6P8C77N\">\n\t\t\t\t\t\t<span class=\"elementor-button-content-wrapper\">\n\t\t\t\t\t\t\t\t\t<span class=\"elementor-button-text\">Buy<\/span>\n\t\t\t\t\t<\/span>\n\t\t\t\t\t<\/a>\n\t\t\t\t<\/div>\n\t\t\t\t\t\t<\/div>\n\t\t\t\t<\/div>\n\t\t\t\t<\/div>\n\t\t\t\t<\/div>\n\t\t\t\t\t<\/div>\n\t\t\t\t<\/div>\n\t\t<div class=\"elementor-element elementor-element-43828be e-flex e-con-boxed e-con e-parent\" data-id=\"43828be\" data-element_type=\"container\">\n\t\t\t\t\t<div class=\"e-con-inner\">\n\t\t<div class=\"elementor-element elementor-element-0ed6cc3 e-con-full e-flex e-con e-child\" data-id=\"0ed6cc3\" data-element_type=\"container\">\n\t\t\t\t<div class=\"elementor-element elementor-element-961b805 elementor-skin-carousel elementor-arrows-yes elementor-pagination-type-bullets elementor-pagination-position-outside elementor-widget elementor-widget-media-carousel\" data-id=\"961b805\" data-element_type=\"widget\" data-settings=\"{&quot;skin&quot;:&quot;carousel&quot;,&quot;effect&quot;:&quot;slide&quot;,&quot;show_arrows&quot;:&quot;yes&quot;,&quot;pagination&quot;:&quot;bullets&quot;,&quot;speed&quot;:500,&quot;autoplay&quot;:&quot;yes&quot;,&quot;autoplay_speed&quot;:5000,&quot;loop&quot;:&quot;yes&quot;,&quot;pause_on_hover&quot;:&quot;yes&quot;,&quot;pause_on_interaction&quot;:&quot;yes&quot;,&quot;space_between&quot;:{&quot;unit&quot;:&quot;px&quot;,&quot;size&quot;:10,&quot;sizes&quot;:[]},&quot;space_between_tablet&quot;:{&quot;unit&quot;:&quot;px&quot;,&quot;size&quot;:10,&quot;sizes&quot;:[]},&quot;space_between_mobile&quot;:{&quot;unit&quot;:&quot;px&quot;,&quot;size&quot;:10,&quot;sizes&quot;:[]}}\" data-widget_type=\"media-carousel.default\">\n\t\t\t\t<div class=\"elementor-widget-container\">\n\t\t\t\t\t<div class=\"elementor-swiper\">\n\t\t\t<div class=\"elementor-main-swiper swiper\">\n\t\t\t\t<div class=\"swiper-wrapper\">\n\t\t\t\t\t\t\t\t\t\t\t<div class=\"swiper-slide\">\n\t\t\t\t\t\t\t\t\t<div class=\"elementor-carousel-image\" role=\"img\" aria-label=\"Notebook\" style=\"background-image: url(&#039;https:\/\/csee-scee.ca\/wp-content\/uploads\/Notebook.jpeg&#039;)\">\n\n\t\t\t\n\t\t\t\t\t<\/div>\n\t\t\t\t\t\t\t\t<\/div>\n\t\t\t\t\t\t\t\t\t\t\t<div class=\"swiper-slide\">\n\t\t\t\t\t\t\t\t\t<div class=\"elementor-carousel-image\" role=\"img\" aria-label=\"notebook2\" style=\"background-image: url(&#039;https:\/\/csee-scee.ca\/wp-content\/uploads\/notebook2.jpeg&#039;)\">\n\n\t\t\t\n\t\t\t\t\t<\/div>\n\t\t\t\t\t\t\t\t<\/div>\n\t\t\t\t\t\t\t\t\t\t\t<div class=\"swiper-slide\">\n\t\t\t\t\t\t\t\t\t<div class=\"elementor-carousel-image\" role=\"img\" aria-label=\"notebook3\" style=\"background-image: url(&#039;https:\/\/csee-scee.ca\/wp-content\/uploads\/notebook3.jpeg&#039;)\">\n\n\t\t\t\n\t\t\t\t\t<\/div>\n\t\t\t\t\t\t\t\t<\/div>\n\t\t\t\t\t\t\t\t\t<\/div>\n\t\t\t\t\t\t\t\t\t\t\t\t\t\t\t<div class=\"swiper-pagination\"><\/div>\n\t\t\t\t\t\t\t\t\t\t\t\t\t\t\t\t<div class=\"elementor-swiper-button elementor-swiper-button-prev\" role=\"button\" tabindex=\"0\">\n\t\t\t\t\t\t\t<svg aria-hidden=\"true\" class=\"e-font-icon-svg e-eicon-chevron-left\" viewbox=\"0 0 1000 1000\" xmlns=\"http:\/\/www.w3.org\/2000\/svg\"><path d=\"M646 125C629 125 613 133 604 142L308 442C296 454 292 471 292 487 292 504 296 521 308 533L604 854C617 867 629 875 646 875 663 875 679 871 692 858 704 846 713 829 713 812 713 796 708 779 692 767L438 487 692 225C700 217 708 204 708 187 708 171 704 154 692 142 675 129 663 125 646 125Z\"><\/path><\/svg>\t\t\t\t\t\t\t<span class=\"elementor-screen-only\">Previous<\/span>\n\t\t\t\t\t\t<\/div>\n\t\t\t\t\t\t<div class=\"elementor-swiper-button elementor-swiper-button-next\" role=\"button\" tabindex=\"0\">\n\t\t\t\t\t\t\t<svg aria-hidden=\"true\" class=\"e-font-icon-svg e-eicon-chevron-right\" viewbox=\"0 0 1000 1000\" xmlns=\"http:\/\/www.w3.org\/2000\/svg\"><path d=\"M696 533C708 521 713 504 713 487 713 471 708 454 696 446L400 146C388 133 375 125 354 125 338 125 325 129 313 142 300 154 292 171 292 187 292 204 296 221 308 233L563 492 304 771C292 783 288 800 288 817 288 833 296 850 308 863 321 871 338 875 354 875 371 875 388 867 400 854L696 533Z\"><\/path><\/svg>\t\t\t\t\t\t\t<span class=\"elementor-screen-only\">Next<\/span>\n\t\t\t\t\t\t<\/div>\n\t\t\t\t\t\t\t\t\t\t\t\t<\/div>\n\t\t<\/div>\n\t\t\t\t<\/div>\n\t\t\t\t<\/div>\n\t\t\t\t<\/div>\n\t\t<div class=\"elementor-element elementor-element-1248b4c e-con-full e-flex e-con e-child\" data-id=\"1248b4c\" data-element_type=\"container\">\n\t\t<div class=\"elementor-element elementor-element-c64af15 e-con-full e-flex e-con e-child\" data-id=\"c64af15\" data-element_type=\"container\">\n\t\t\t\t<div class=\"elementor-element elementor-element-b957ead elementor-widget elementor-widget-text-editor\" data-id=\"b957ead\" data-element_type=\"widget\" data-widget_type=\"text-editor.default\">\n\t\t\t\t<div class=\"elementor-widget-container\">\n\t\t\t\t\t\t\t<h5><strong>Limited Edition 20th Aniversary Ceramic Mug\u00a0<\/strong><\/h5><p>$15.00 CAD<\/p><p>Taille: 5.5\" x 8.5\"<\/p><p>Pages : lign\u00e9es (interligne universitaire)<\/p><p>Cover: Soft Touch<\/p>\t\t\t\t\t\t<\/div>\n\t\t\t\t<\/div>\n\t\t\t\t<\/div>\n\t\t<div class=\"elementor-element elementor-element-5eb90c4 e-con-full e-flex e-con e-child\" data-id=\"5eb90c4\" data-element_type=\"container\">\n\t\t\t\t<div class=\"elementor-element elementor-element-36c547a elementor-align-right elementor-widget elementor-widget-button\" data-id=\"36c547a\" data-element_type=\"widget\" data-widget_type=\"button.default\">\n\t\t\t\t<div class=\"elementor-widget-container\">\n\t\t\t\t\t\t\t<div class=\"elementor-button-wrapper\">\n\t\t\t\t\t<a class=\"elementor-button elementor-button-link elementor-size-sm\" href=\"https:\/\/www.paypal.com\/ncp\/payment\/4KKY4M5S934YL\">\n\t\t\t\t\t\t<span class=\"elementor-button-content-wrapper\">\n\t\t\t\t\t\t\t\t\t<span class=\"elementor-button-text\">Buy<\/span>\n\t\t\t\t\t<\/span>\n\t\t\t\t\t<\/a>\n\t\t\t\t<\/div>\n\t\t\t\t\t\t<\/div>\n\t\t\t\t<\/div>\n\t\t\t\t<\/div>\n\t\t\t\t<\/div>\n\t\t\t\t\t<\/div>\n\t\t\t\t<\/div>\n\t\t<div class=\"elementor-element elementor-element-a31cb11 e-grid e-con-boxed e-con e-parent\" data-id=\"a31cb11\" data-element_type=\"container\">\n\t\t\t\t\t<div class=\"e-con-inner\">\n\t\t\t\t<div class=\"elementor-element elementor-element-2b794fb elementor-widget elementor-widget-image\" data-id=\"2b794fb\" data-element_type=\"widget\" data-widget_type=\"image.default\">\n\t\t\t\t<div class=\"elementor-widget-container\">\n\t\t\t\t\t\t\t\t\t\t\t\t\t<img fetchpriority=\"high\" decoding=\"async\" width=\"300\" height=\"200\" src=\"https:\/\/csee-scee.ca\/wp-content\/uploads\/Screen-Shot-2026-04-20-at-1.31.32-PM-300x200.png\" class=\"attachment-medium size-medium wp-image-2964\" alt=\"\" srcset=\"https:\/\/csee-scee.ca\/wp-content\/uploads\/Screen-Shot-2026-04-20-at-1.31.32-PM-300x200.png 300w, https:\/\/csee-scee.ca\/wp-content\/uploads\/Screen-Shot-2026-04-20-at-1.31.32-PM-768x512.png 768w, https:\/\/csee-scee.ca\/wp-content\/uploads\/Screen-Shot-2026-04-20-at-1.31.32-PM-18x12.png 18w, https:\/\/csee-scee.ca\/wp-content\/uploads\/Screen-Shot-2026-04-20-at-1.31.32-PM.png 940w\" sizes=\"(max-width: 300px) 100vw, 300px\" \/>\t\t\t\t\t\t\t\t\t\t\t\t\t<\/div>\n\t\t\t\t<\/div>\n\t\t\t\t<div class=\"elementor-element elementor-element-a622b6c elementor-align-center elementor-widget elementor-widget-button\" data-id=\"a622b6c\" data-element_type=\"widget\" data-widget_type=\"button.default\">\n\t\t\t\t<div class=\"elementor-widget-container\">\n\t\t\t\t\t\t\t<div class=\"elementor-button-wrapper\">\n\t\t\t\t\t<a class=\"elementor-button elementor-button-link elementor-size-sm\" href=\"https:\/\/docs.google.com\/forms\/d\/e\/1FAIpQLSdVlORcwsz7sf6Y2GuaXA0rr_PmztFzIJmT8GxcHRwwFCr6lw\/viewform\">\n\t\t\t\t\t\t<span class=\"elementor-button-content-wrapper\">\n\t\t\t\t\t\t\t\t\t<span class=\"elementor-button-text\">Formulaire de commande de t-shirts<\/span>\n\t\t\t\t\t<\/span>\n\t\t\t\t\t<\/a>\n\t\t\t\t<\/div>\n\t\t\t\t\t\t<\/div>\n\t\t\t\t<\/div>\n\t\t\t\t\t<\/div>\n\t\t\t\t<\/div>\n\t\t\t\t<\/div>","protected":false},"excerpt":{"rendered":"<p>CSEE is celebrating its 20th anniversary this year!Get your limited-edition ceramic mugs and notebooks: only 100 of each are available. Pre-order now for pickup at the meeting, or place your order for mugs and notebooks directly at the event.Payments are made via PayPal (no cash). Reminder: Meeting T-shirts must be ordered in advance via the [&hellip;]<\/p>","protected":false},"author":5,"featured_media":0,"parent":0,"menu_order":0,"comment_status":"closed","ping_status":"closed","template":"","meta":{"_seopress_robots_primary_cat":"","_seopress_titles_title":"","_seopress_titles_desc":"","_seopress_robots_index":"","footnotes":""},"class_list":["post-2954","page","type-page","status-publish","hentry"],"_links":{"self":[{"href":"https:\/\/csee-scee.ca\/fr\/wp-json\/wp\/v2\/pages\/2954","targetHints":{"allow":["GET"]}}],"collection":[{"href":"https:\/\/csee-scee.ca\/fr\/wp-json\/wp\/v2\/pages"}],"about":[{"href":"https:\/\/csee-scee.ca\/fr\/wp-json\/wp\/v2\/types\/page"}],"author":[{"embeddable":true,"href":"https:\/\/csee-scee.ca\/fr\/wp-json\/wp\/v2\/users\/5"}],"replies":[{"embeddable":true,"href":"https:\/\/csee-scee.ca\/fr\/wp-json\/wp\/v2\/comments?post=2954"}],"version-history":[{"count":19,"href":"https:\/\/csee-scee.ca\/fr\/wp-json\/wp\/v2\/pages\/2954\/revisions"}],"predecessor-version":[{"id":2983,"href":"https:\/\/csee-scee.ca\/fr\/wp-json\/wp\/v2\/pages\/2954\/revisions\/2983"}],"wp:attachment":[{"href":"https:\/\/csee-scee.ca\/fr\/wp-json\/wp\/v2\/media?parent=2954"}],"curies":[{"name":"wp","href":"https:\/\/api.w.org\/{rel}","templated":true}]}}