{"id":191,"date":"2024-12-04T05:32:33","date_gmt":"2024-12-04T05:32:33","guid":{"rendered":"https:\/\/csee-scee.ca\/?page_id=191"},"modified":"2026-03-30T04:59:21","modified_gmt":"2026-03-30T08:59:21","slug":"csee-committees","status":"publish","type":"page","link":"https:\/\/csee-scee.ca\/fr\/csee-committees\/","title":{"rendered":"Comit\u00e9s de la SCEE"},"content":{"rendered":"<div data-elementor-type=\"wp-page\" data-elementor-id=\"191\" class=\"elementor elementor-191\" data-elementor-post-type=\"page\">\n\t\t\t\t<div class=\"elementor-element elementor-element-034ae45 e-flex e-con-boxed e-con e-parent\" data-id=\"034ae45\" data-element_type=\"container\">\n\t\t\t\t\t<div class=\"e-con-inner\">\n\t\t<div class=\"elementor-element elementor-element-1ebad54 e-con-full e-grid e-con e-child\" data-id=\"1ebad54\" data-element_type=\"container\">\n\t\t<div class=\"elementor-element elementor-element-e6e9b7b e-con-full e-flex e-con e-child\" data-id=\"e6e9b7b\" data-element_type=\"container\">\n\t\t\t\t<div class=\"elementor-element elementor-element-be53364 elementor-widget elementor-widget-text-editor\" data-id=\"be53364\" data-element_type=\"widget\" data-widget_type=\"text-editor.default\">\n\t\t\t\t<div class=\"elementor-widget-container\">\n\t\t\t\t\t\t\t<h6 class=\"member-name\"><strong>EDI Committee<\/strong><\/h6>\t\t\t\t\t\t<\/div>\n\t\t\t\t<\/div>\n\t\t\t\t<div class=\"elementor-element elementor-element-cd24ac9 elementor-widget elementor-widget-text-editor\" data-id=\"cd24ac9\" data-element_type=\"widget\" data-widget_type=\"text-editor.default\">\n\t\t\t\t<div class=\"elementor-widget-container\">\n\t\t\t\t\t\t\t<p><strong>Contact:\u00a0<a href=\"mailto:julie.messier@uwaterloo.ca\">Julie Messier<\/a><\/strong><\/p><p>Membres du comit\u00e9: Julie Messier, Simon Joly, Takuji Usui, External: Julia Kilgour.\u00a0<\/p>\t\t\t\t\t\t<\/div>\n\t\t\t\t<\/div>\n\t\t\t\t<\/div>\n\t\t<div class=\"elementor-element elementor-element-9bfef5d e-con-full e-flex e-con e-child\" data-id=\"9bfef5d\" data-element_type=\"container\">\n\t\t\t\t<div class=\"elementor-element elementor-element-36d3d19 elementor-widget elementor-widget-text-editor\" data-id=\"36d3d19\" data-element_type=\"widget\" data-widget_type=\"text-editor.default\">\n\t\t\t\t<div class=\"elementor-widget-container\">\n\t\t\t\t\t\t\t<p class=\"p1\">Le comit\u00e9 EDI de la SCEE \u0153uvre \u00e0 promouvoir l\u2019\u00e9quit\u00e9, la diversit\u00e9 et l\u2019inclusion parmi ses membres, et \u00e0 veiller \u00e0 ce que ces principes soient respect\u00e9s au sein de la CSEE. Nous travaillons aux c\u00f4t\u00e9s du conseil et des membres afin de d\u00e9fendre ces valeurs, telles qu\u2019\u00e9nonc\u00e9es dans la d\u00e9claration EDI de la CSEE.\n\nLe comit\u00e9 organise une gamme d\u2019activit\u00e9s, notamment des webinaires, des ressources, des formations et des \u00e9v\u00e9nements qui soutiennent une culture d\u2019inclusion, d\u2019accessibilit\u00e9, de respect et d\u2019appartenance au sein de la communaut\u00e9 de la SCEE.<\/p>\t\t\t\t\t\t<\/div>\n\t\t\t\t<\/div>\n\t\t\t\t<\/div>\n\t\t\t\t<\/div>\n\t\t<div class=\"elementor-element elementor-element-e08eb64 e-con-full e-grid e-con e-child\" data-id=\"e08eb64\" data-element_type=\"container\">\n\t\t<div class=\"elementor-element elementor-element-238a208 e-con-full e-flex e-con e-child\" data-id=\"238a208\" data-element_type=\"container\">\n\t\t\t\t<div class=\"elementor-element elementor-element-2b394bd elementor-widget elementor-widget-text-editor\" data-id=\"2b394bd\" data-element_type=\"widget\" data-widget_type=\"text-editor.default\">\n\t\t\t\t<div class=\"elementor-widget-container\">\n\t\t\t\t\t\t\t<h6 class=\"member-name\"><strong>COMIT\u00c9 DES PRIX ET RECONNAISSANCES<\/strong><\/h6>\t\t\t\t\t\t<\/div>\n\t\t\t\t<\/div>\n\t\t\t\t<div class=\"elementor-element elementor-element-978b553 elementor-widget elementor-widget-text-editor\" data-id=\"978b553\" data-element_type=\"widget\" data-widget_type=\"text-editor.default\">\n\t\t\t\t<div class=\"elementor-widget-container\">\n\t\t\t\t\t\t\t<p><strong>Contact: <\/strong><a href=\"mailto:awards-prix@csee-scee.ca\"><strong>Kayla King<\/strong><\/a><\/p><p>Membres du comit\u00e9: Committee Members: Kayla King, Kiyoko Gotanda, Jasmine Veitch, Laurence Feyten<\/p>\t\t\t\t\t\t<\/div>\n\t\t\t\t<\/div>\n\t\t\t\t<\/div>\n\t\t<div class=\"elementor-element elementor-element-a822482 e-con-full e-flex e-con e-child\" data-id=\"a822482\" data-element_type=\"container\">\n\t\t\t\t<div class=\"elementor-element elementor-element-b10d031 elementor-widget elementor-widget-text-editor\" data-id=\"b10d031\" data-element_type=\"widget\" data-widget_type=\"text-editor.default\">\n\t\t\t\t<div class=\"elementor-widget-container\">\n\t\t\t\t\t\t\t<p>Le comit\u00e9 des prix et reconnaissances d\u00e9veloppe les crit\u00e8res et processus pour les prix de la SCEE, sollicite des juges externes et \u00e9value les mises en candidature. <a href=\"\/fr\/awards-and-bursaries\/\">Cliquez ici<\/a> pour en savoir plus sur les prix de la SCEE.<\/p>\t\t\t\t\t\t<\/div>\n\t\t\t\t<\/div>\n\t\t\t\t<\/div>\n\t\t\t\t<\/div>\n\t\t<div class=\"elementor-element elementor-element-9063a9a e-con-full e-grid e-con e-child\" data-id=\"9063a9a\" data-element_type=\"container\">\n\t\t<div class=\"elementor-element elementor-element-5ddd22a e-con-full e-flex e-con e-child\" data-id=\"5ddd22a\" data-element_type=\"container\">\n\t\t\t\t<div class=\"elementor-element elementor-element-9b5901b elementor-widget elementor-widget-text-editor\" data-id=\"9b5901b\" data-element_type=\"widget\" data-widget_type=\"text-editor.default\">\n\t\t\t\t<div class=\"elementor-widget-container\">\n\t\t\t\t\t\t\t<h6 class=\"member-name\"><strong>COMIT\u00c9 DES BULLETINS ET DES COMMUNICATIONS<\/strong><\/h6>\t\t\t\t\t\t<\/div>\n\t\t\t\t<\/div>\n\t\t\t\t<div class=\"elementor-element elementor-element-9268458 elementor-widget elementor-widget-text-editor\" data-id=\"9268458\" data-element_type=\"widget\" data-widget_type=\"text-editor.default\">\n\t\t\t\t<div class=\"elementor-widget-container\">\n\t\t\t\t\t\t\t<p><strong>Contact:\u00a0<a href=\"mailto:julie.messier@uwaterloo.ca\">Julie Messier<\/a><\/strong><\/p>\t\t\t\t\t\t<\/div>\n\t\t\t\t<\/div>\n\t\t\t\t<\/div>\n\t\t<div class=\"elementor-element elementor-element-e4b67d5 e-con-full e-flex e-con e-child\" data-id=\"e4b67d5\" data-element_type=\"container\">\n\t\t\t\t<div class=\"elementor-element elementor-element-89c9b32 elementor-widget elementor-widget-text-editor\" data-id=\"89c9b32\" data-element_type=\"widget\" data-widget_type=\"text-editor.default\">\n\t\t\t\t<div class=\"elementor-widget-container\">\n\t\t\t\t\t\t\t<p>Les bulletins de la SCEE sont publi\u00e9s deux fois par an et sont g\u00e9r\u00e9s par l\u2019\u00e9quipe de r\u00e9daction de l\u2019infolettre. Les contributions sont les bienvenues! L\u2019objectif de l\u2019infolettre est de maintenir la communication avec les membres. N\u2019h\u00e9sitez pas \u00e0 envoyer vos suggestions ou vos questions \u00e0 l\u2019\u00e9quipe de r\u00e9daction.<\/p>\t\t\t\t\t\t<\/div>\n\t\t\t\t<\/div>\n\t\t\t\t<\/div>\n\t\t\t\t<\/div>\n\t\t<div class=\"elementor-element elementor-element-d0e3755 e-con-full e-grid e-con e-child\" data-id=\"d0e3755\" data-element_type=\"container\">\n\t\t<div class=\"elementor-element elementor-element-8492904 e-con-full e-flex e-con e-child\" data-id=\"8492904\" data-element_type=\"container\">\n\t\t\t\t<div class=\"elementor-element elementor-element-2197f57 elementor-widget elementor-widget-text-editor\" data-id=\"2197f57\" data-element_type=\"widget\" data-widget_type=\"text-editor.default\">\n\t\t\t\t<div class=\"elementor-widget-container\">\n\t\t\t\t\t\t\t<h6 class=\"member-name\"><strong>COMIT\u00c9 DES CANDIDATURES<br \/><\/strong><\/h6>\t\t\t\t\t\t<\/div>\n\t\t\t\t<\/div>\n\t\t\t\t<div class=\"elementor-element elementor-element-3e7a1d5 elementor-widget elementor-widget-text-editor\" data-id=\"3e7a1d5\" data-element_type=\"widget\" data-widget_type=\"text-editor.default\">\n\t\t\t\t<div class=\"elementor-widget-container\">\n\t\t\t\t\t\t\t<p><strong>Contact: <a href=\"mailto:vp@csee-scee.ca\">Marc Johnson<\/a><\/strong><\/p><p>Membres du comit\u00e9: Marc Johnson, Ailene Macpherson, Joey Bernhardt, Jasmine Veitch, Julia Baum<\/p>\t\t\t\t\t\t<\/div>\n\t\t\t\t<\/div>\n\t\t\t\t<\/div>\n\t\t<div class=\"elementor-element elementor-element-df9eec8 e-con-full e-flex e-con e-child\" data-id=\"df9eec8\" data-element_type=\"container\">\n\t\t\t\t<div class=\"elementor-element elementor-element-38cf22e elementor-widget elementor-widget-text-editor\" data-id=\"38cf22e\" data-element_type=\"widget\" data-widget_type=\"text-editor.default\">\n\t\t\t\t<div class=\"elementor-widget-container\">\n\t\t\t\t\t\t\t<div class=\"single-blog-post\"><div class=\"blog-post member-commitee\"><div class=\"col-1-2\"><div class=\"blog-text\"><div class=\"markdown-body\"><p>Le comit\u00e9 des candidatures est compos\u00e9 de la vice-pr\u00e9sidence de la SCEE, et de quatre membres du conseil, dont l\u2019un est repr\u00e9sentant.e des \u00e9tudiant.e.s et postdoctorant.e.s. Le comit\u00e9 sollicite et re\u00e7oit les mises en candidatures pour les \u00e9lections du conseil d\u2019administration de la SCEE, et g\u00e8re les <a href=\"\/fr\/elections\/\">\u00c9lections<\/a> .<\/p><\/div><\/div><\/div><\/div><\/div><div class=\"single-blog-post\"><div class=\"blog-post member-commitee\"><div class=\"col-1-2\"><div class=\"t-member\">\u00a0<\/div><\/div><\/div><\/div>\t\t\t\t\t\t<\/div>\n\t\t\t\t<\/div>\n\t\t\t\t<\/div>\n\t\t\t\t<\/div>\n\t\t<div class=\"elementor-element elementor-element-067424d e-con-full e-grid e-con e-child\" data-id=\"067424d\" data-element_type=\"container\">\n\t\t<div class=\"elementor-element elementor-element-6b0894b e-con-full e-grid e-con e-child\" data-id=\"6b0894b\" data-element_type=\"container\">\n\t\t\t\t<div class=\"elementor-element elementor-element-d43b3d3 elementor-widget elementor-widget-text-editor\" data-id=\"d43b3d3\" data-element_type=\"widget\" data-widget_type=\"text-editor.default\">\n\t\t\t\t<div class=\"elementor-widget-container\">\n\t\t\t\t\t\t\t<h6 class=\"member-name\"><strong>COMIT\u00c9 DE MOBILISATION DE CONNAISANCES ET D\u2019APPUI DES CONF\u00c9RENCES R\u00c9GIONALES<\/strong><\/h6>\t\t\t\t\t\t<\/div>\n\t\t\t\t<\/div>\n\t\t\t\t<div class=\"elementor-element elementor-element-c52cecf elementor-widget elementor-widget-text-editor\" data-id=\"c52cecf\" data-element_type=\"widget\" data-widget_type=\"text-editor.default\">\n\t\t\t\t<div class=\"elementor-widget-container\">\n\t\t\t\t\t\t\t<p><strong>Contact:\u00a0<a href=\"mailto:joey.bernhardt@uoguelph.ca\">Joey Bernhardt<\/a><\/strong><\/p>\t\t\t\t\t\t<\/div>\n\t\t\t\t<\/div>\n\t\t\t\t<\/div>\n\t\t<div class=\"elementor-element elementor-element-8bf8343 e-con-full e-flex e-con e-child\" data-id=\"8bf8343\" data-element_type=\"container\">\n\t\t\t\t<div class=\"elementor-element elementor-element-480e5bf elementor-widget elementor-widget-text-editor\" data-id=\"480e5bf\" data-element_type=\"widget\" data-widget_type=\"text-editor.default\">\n\t\t\t\t<div class=\"elementor-widget-container\">\n\t\t\t\t\t\t\t<div class=\"row\"><div class=\"single-blog-post\"><div class=\"blog-post member-commitee\"><div class=\"col-1-2\"><div class=\"blog-text\"><div class=\"markdown-body\"><p>Ce comit\u00e9 consid\u00e8re les demandes de soutien financier de la SCEE pour des activit\u00e9s de mobilisation de connaissances scientifiques et des conf\u00e9rences r\u00e9gionales.\u00a0<a href=\"\/fr\/csee-support-for-regional-conferences\/\">Cliquez ici<\/a>\u00a0pour en savoir plus sur ces opportunit\u00e9s.<\/p><\/div><\/div><\/div><\/div><\/div><\/div>\t\t\t\t\t\t<\/div>\n\t\t\t\t<\/div>\n\t\t\t\t<\/div>\n\t\t\t\t<\/div>\n\t\t\t\t\t<\/div>\n\t\t\t\t<\/div>\n\t\t<div class=\"elementor-element elementor-element-ad79d7f e-flex e-con-boxed e-con e-parent\" data-id=\"ad79d7f\" data-element_type=\"container\">\n\t\t\t\t\t<div class=\"e-con-inner\">\n\t\t\t\t<div class=\"elementor-element elementor-element-837a6a9 elementor-widget-divider--view-line elementor-widget elementor-widget-divider\" data-id=\"837a6a9\" data-element_type=\"widget\" data-widget_type=\"divider.default\">\n\t\t\t\t<div class=\"elementor-widget-container\">\n\t\t\t\t\t<div class=\"elementor-divider\">\n\t\t\t<span class=\"elementor-divider-separator\">\n\t\t\t\t\t\t<\/span>\n\t\t<\/div>\n\t\t\t\t<\/div>\n\t\t\t\t<\/div>\n\t\t\t\t<div class=\"elementor-element elementor-element-981a505 elementor-widget elementor-widget-heading\" data-id=\"981a505\" data-element_type=\"widget\" data-widget_type=\"heading.default\">\n\t\t\t\t<div class=\"elementor-widget-container\">\n\t\t\t<h2 class=\"elementor-heading-title elementor-size-default\">Partenaires<\/h2>\t\t<\/div>\n\t\t\t\t<\/div>\n\t\t\t\t<div class=\"elementor-element elementor-element-036f9a7 elementor-widget-divider--view-line elementor-widget elementor-widget-divider\" data-id=\"036f9a7\" data-element_type=\"widget\" data-widget_type=\"divider.default\">\n\t\t\t\t<div class=\"elementor-widget-container\">\n\t\t\t\t\t<div class=\"elementor-divider\">\n\t\t\t<span class=\"elementor-divider-separator\">\n\t\t\t\t\t\t<\/span>\n\t\t<\/div>\n\t\t\t\t<\/div>\n\t\t\t\t<\/div>\n\t\t\t\t\t<\/div>\n\t\t\t\t<\/div>\n\t\t<div class=\"elementor-element elementor-element-c3cc426 e-flex e-con-boxed e-con e-parent\" data-id=\"c3cc426\" data-element_type=\"container\">\n\t\t\t\t\t<div class=\"e-con-inner\">\n\t\t\t\t<div class=\"elementor-element elementor-element-2df90cb elementor-widget elementor-widget-text-editor\" data-id=\"2df90cb\" data-element_type=\"widget\" data-widget_type=\"text-editor.default\">\n\t\t\t\t<div class=\"elementor-widget-container\">\n\t\t\t\t\t\t\t<p style=\"text-align: center;\">Repr\u00e9sentation de la SCEE au sein d\u2019autres comit\u00e9s<\/p>\t\t\t\t\t\t<\/div>\n\t\t\t\t<\/div>\n\t\t\t\t\t<\/div>\n\t\t\t\t<\/div>\n\t\t<div class=\"elementor-element elementor-element-e316e17 e-grid e-con-boxed e-con e-parent\" data-id=\"e316e17\" data-element_type=\"container\">\n\t\t\t\t\t<div class=\"e-con-inner\">\n\t\t\t\t<div class=\"elementor-element elementor-element-908f0f6 elementor-widget elementor-widget-image\" data-id=\"908f0f6\" data-element_type=\"widget\" data-widget_type=\"image.default\">\n\t\t\t\t<div class=\"elementor-widget-container\">\n\t\t\t\t\t\t\t\t\t\t\t\t\t\t<a href=\"https:\/\/www.ciee-icee.ca\/\">\n\t\t\t\t\t\t\t<img decoding=\"async\" src=\"https:\/\/www.ciee-icee.ca\/uploads\/1\/1\/7\/7\/117709268\/published\/03-ciee-logo-black-txt_1.jpeg?1520013449\" title=\"\" alt=\"\" loading=\"lazy\" \/>\t\t\t\t\t\t\t\t<\/a>\n\t\t\t\t\t\t\t\t\t\t\t\t\t<\/div>\n\t\t\t\t<\/div>\n\t\t\t\t<div class=\"elementor-element elementor-element-7426ac5 elementor-widget elementor-widget-image\" data-id=\"7426ac5\" data-element_type=\"widget\" data-widget_type=\"image.default\">\n\t\t\t\t<div class=\"elementor-widget-container\">\n\t\t\t\t\t\t\t\t\t\t\t\t\t\t<a href=\"https:\/\/cdnsciencepub.com\/\">\n\t\t\t\t\t\t\t<img decoding=\"async\" width=\"194\" height=\"105\" src=\"https:\/\/csee-scee.ca\/wp-content\/uploads\/logo_1.png\" class=\"attachment-large size-large wp-image-1075\" alt=\"\" srcset=\"https:\/\/csee-scee.ca\/wp-content\/uploads\/logo_1.png 194w, https:\/\/csee-scee.ca\/wp-content\/uploads\/logo_1-18x10.png 18w\" sizes=\"(max-width: 194px) 100vw, 194px\" \/>\t\t\t\t\t\t\t\t<\/a>\n\t\t\t\t\t\t\t\t\t\t\t\t\t<\/div>\n\t\t\t\t<\/div>\n\t\t\t\t<div class=\"elementor-element elementor-element-71b2e9f elementor-widget elementor-widget-image\" data-id=\"71b2e9f\" data-element_type=\"widget\" data-widget_type=\"image.default\">\n\t\t\t\t<div class=\"elementor-widget-container\">\n\t\t\t\t\t\t\t\t\t\t\t\t\t\t<a href=\"https:\/\/royalsocietypublishing.org\/rspb\/reviews\">\n\t\t\t\t\t\t\t<img decoding=\"async\" src=\"https:\/\/csee-scee.ca\/wp-content\/uploads\/elementor\/thumbs\/TheRoyalSocietylogo-r7lmrvm5u7k8trwf5u7wt0cgox3hayu6wggdiw23i2.png\" title=\"TheRoyalSocietylogo\" alt=\"TheRoyalSocietylogo\" loading=\"lazy\" \/>\t\t\t\t\t\t\t\t<\/a>\n\t\t\t\t\t\t\t\t\t\t\t\t\t<\/div>\n\t\t\t\t<\/div>\n\t\t\t\t\t<\/div>\n\t\t\t\t<\/div>\n\t\t<div class=\"elementor-element elementor-element-7d9b144 e-flex e-con-boxed e-con e-parent\" data-id=\"7d9b144\" data-element_type=\"container\">\n\t\t\t\t\t<div class=\"e-con-inner\">\n\t\t\t\t<div class=\"elementor-element elementor-element-2621c37 elementor-widget elementor-widget-n-accordion\" data-id=\"2621c37\" data-element_type=\"widget\" data-settings=\"{&quot;default_state&quot;:&quot;expanded&quot;,&quot;max_items_expended&quot;:&quot;one&quot;,&quot;n_accordion_animation_duration&quot;:{&quot;unit&quot;:&quot;ms&quot;,&quot;size&quot;:400,&quot;sizes&quot;:[]}}\" data-widget_type=\"nested-accordion.default\">\n\t\t\t\t<div class=\"elementor-widget-container\">\n\t\t\t\t\t<div class=\"e-n-accordion\" aria-label=\"Accordion. Open links with Enter or Space, close with Escape, and navigate with Arrow Keys\">\n\t\t\t\t\t\t<details id=\"e-n-accordion-item-3990\" class=\"e-n-accordion-item\" open>\n\t\t\t\t<summary class=\"e-n-accordion-item-title\" data-accordion-index=\"1\" tabindex=\"0\" aria-expanded=\"true\" aria-controls=\"e-n-accordion-item-3990\" >\n\t\t\t\t\t<span class='e-n-accordion-item-title-header'><div class=\"e-n-accordion-item-title-text\"> The Royal Society: Proceedings B has established an association with the CSEE, who publish annual Invited reviews in the journal, written by former presidents and biannual award winners: <\/div><\/span>\n\t\t\t\t\t\t\t<span class='e-n-accordion-item-title-icon'>\n\t\t\t<span class='e-opened' ><svg aria-hidden=\"true\" class=\"e-font-icon-svg e-fas-minus\" viewbox=\"0 0 448 512\" xmlns=\"http:\/\/www.w3.org\/2000\/svg\"><path d=\"M416 208H32c-17.67 0-32 14.33-32 32v32c0 17.67 14.33 32 32 32h384c17.67 0 32-14.33 32-32v-32c0-17.67-14.33-32-32-32z\"><\/path><\/svg><\/span>\n\t\t\t<span class='e-closed'><svg aria-hidden=\"true\" class=\"e-font-icon-svg e-fas-plus\" viewbox=\"0 0 448 512\" xmlns=\"http:\/\/www.w3.org\/2000\/svg\"><path d=\"M416 208H272V64c0-17.67-14.33-32-32-32h-32c-17.67 0-32 14.33-32 32v144H32c-17.67 0-32 14.33-32 32v32c0 17.67 14.33 32 32 32h144v144c0 17.67 14.33 32 32 32h32c17.67 0 32-14.33 32-32V304h144c17.67 0 32-14.33 32-32v-32c0-17.67-14.33-32-32-32z\"><\/path><\/svg><\/span>\n\t\t<\/span>\n\n\t\t\t\t\t\t<\/summary>\n\t\t\t\t<div role=\"region\" aria-labelledby=\"e-n-accordion-item-3990\" class=\"elementor-element elementor-element-4bb73c5 e-con-full e-flex e-con e-child\" data-id=\"4bb73c5\" data-element_type=\"container\">\n\t\t<div role=\"region\" aria-labelledby=\"e-n-accordion-item-3990\" class=\"elementor-element elementor-element-ab4a80d e-flex e-con-boxed e-con e-child\" data-id=\"ab4a80d\" data-element_type=\"container\">\n\t\t\t\t\t<div class=\"e-con-inner\">\n\t\t\t\t<div class=\"elementor-element elementor-element-5cced4c elementor-widget elementor-widget-text-editor\" data-id=\"5cced4c\" data-element_type=\"widget\" data-widget_type=\"text-editor.default\">\n\t\t\t\t<div class=\"elementor-widget-container\">\n\t\t\t\t\t\t\t<p><em>The following\u00a0<a href=\"https:\/\/royalsocietypublishing.org\/topic\/special-collections\/canadian-society-for-ecology-and-evolution-reviews\">CSEE Invited Reviews<\/a>\u00a0have been published in\u00a0Proceedings B\u00a0to date and are FREE to access:<\/em><\/p><p><a href=\"http:\/\/rspb.royalsocietypublishing.org\/lookup\/doi\/10.1098\/rspb.2009.2099\">Experimental genomics of fitness in yeast<\/a><br \/>by Graham Bell (Published in 2010; former president of the CSEE)<br \/><br \/><a href=\"http:\/\/rspb.royalsocietypublishing.org\/lookup\/doi\/10.1098\/rspb.2010.1992\">Of lemmings and snowshoe hares: the ecology of northern Canada<\/a><br \/>by Charles J. Krebs (Published in 2010; CSEE biannual award winner)<br \/><br \/><a href=\"http:\/\/rspb.royalsocietypublishing.org\/lookup\/doi\/10.1098\/rspb.2011.0604\">Adaptation and habitat selection in the eco-evolutionary process<\/a><br \/>by Douglas W. Morris (Published in 2011; former president of the CSEE)<br \/><br \/><a href=\"http:\/\/rspb.royalsocietypublishing.org\/lookup\/doi\/10.1098\/rspb.2012.1032\">The dilemma of controlling cultural eutrophication of lakes<\/a><br \/>by David W. Schindler (Published in 2012; CSEE biannual award winner)<br \/><br \/><a href=\"http:\/\/rspb.royalsocietypublishing.org\/lookup\/doi\/10.1098\/rspb.2013.0913\">The evolution of plant reproductive systems: how often are transitions irreversible?<\/a><br \/>by Spencer C.H. Barrett (Published in 2013; former president of the CSEE)<br \/><br \/><a href=\"http:\/\/rspb.royalsocietypublishing.org\/content\/281\/1778\/20132728.full\">Statistical methods for temporal and space\u2013time analysis of community composition data<\/a><br \/>by Pierre Legendre (Published in 2014; CSEE biannual award winner)<br \/><br \/><a href=\"http:\/\/rspb.royalsocietypublishing.org\/content\/282\/1809\/20150654\">Thresholds for impaired species recovery<\/a><br \/>by Jeffrey A. Hutchings (Published in 2015; former president of the CSEE)<br \/><br \/><a href=\"http:\/\/rspb.royalsocietypublishing.org\/content\/283\/1822\/20152547\">Experimental macroevolution<\/a><br \/>by Graham Bell (Published in 2016; CSEE biannual award winner)<\/p><p><a href=\"http:\/\/rspb.royalsocietypublishing.org\/content\/285\/1875\/20172841\">Population cycles: generalities, exceptions and remaining mysteries<\/a><br \/>by Judith H. Myers (Published in 2018; former president of the CSEE)<br \/><br \/><a href=\"http:\/\/rspb.royalsocietypublishing.org\/content\/285\/1891\/20182047\">Adaptation, speciation and extinction in the Anthropocene<\/a><br \/>by Sarah Otto (Published in 2018; CSEE biannual award winner)<br \/><br \/><a href=\"https:\/\/royalsocietypublishing.org\/doi\/10.1098\/rspb.2020.2061\">Racing against change: understanding dispersal and persistence to improve species&#8217; conservation prospects<\/a><br \/>by Jeremy Kerr (Published in 2020; former president of the CSEE)<br \/><br \/><a href=\"https:\/\/doi.org\/10.1098\/rspb.2020.1889\">Network ecology in dynamic landscapes<\/a><br \/>by Marie-Jos\u00e9e Fortin, Mark R. T. Dale and Chris Brimacombe (Published in 2021; CSEE biannual award winner)<br \/><br \/><a href=\"https:\/\/doi.org\/10.1098\/rspb.2022.0909\">Are weak dispersers more vulnerable than strong dispersers to land use intensification?<\/a><br \/>by Amanda E. Martin, Jessica K. Lockhart and Lenore Fahrig (Published in 2022; CSEE biannual award winner)<br \/><br \/><a href=\"https:\/\/doi.org\/10.1098\/rspb.2023.1970\">Naming the menagerie: creativity, culture and consequences in the formation of scientific names<\/a><br \/>by Stephen B. Heard and Julia J. Mlynarek (Published in 2023; former president of the CSEE)<\/p>\t\t\t\t\t\t<\/div>\n\t\t\t\t<\/div>\n\t\t\t\t\t<\/div>\n\t\t\t\t<\/div>\n\t\t\t\t<\/div>\n\t\t\t\t\t<\/details>\n\t\t\t\t\t<\/div>\n\t\t\t\t<\/div>\n\t\t\t\t<\/div>\n\t\t\t\t\t<\/div>\n\t\t\t\t<\/div>\n\t\t\t\t<\/div>","protected":false},"excerpt":{"rendered":"<p>EDI Committee Contact:\u00a0Julie Messier Committee Members: Julie Messier, Simon Joly, Takuji Usui, External: Julia Kilgour.\u00a0 The CSEE EDI Committee works to promote equity, diversity and inclusivity among its members, and to ensure these principles are upheld in CSEE we work alongside council and members to uphold these values, as outlined in the CSEE EDI statement. [&hellip;]<\/p>","protected":false},"author":1,"featured_media":0,"parent":0,"menu_order":0,"comment_status":"closed","ping_status":"closed","template":"","meta":{"_seopress_robots_primary_cat":"","_seopress_titles_title":"","_seopress_titles_desc":"","_seopress_robots_index":"","footnotes":""},"class_list":["post-191","page","type-page","status-publish","hentry"],"_links":{"self":[{"href":"https:\/\/csee-scee.ca\/fr\/wp-json\/wp\/v2\/pages\/191","targetHints":{"allow":["GET"]}}],"collection":[{"href":"https:\/\/csee-scee.ca\/fr\/wp-json\/wp\/v2\/pages"}],"about":[{"href":"https:\/\/csee-scee.ca\/fr\/wp-json\/wp\/v2\/types\/page"}],"author":[{"embeddable":true,"href":"https:\/\/csee-scee.ca\/fr\/wp-json\/wp\/v2\/users\/1"}],"replies":[{"embeddable":true,"href":"https:\/\/csee-scee.ca\/fr\/wp-json\/wp\/v2\/comments?post=191"}],"version-history":[{"count":37,"href":"https:\/\/csee-scee.ca\/fr\/wp-json\/wp\/v2\/pages\/191\/revisions"}],"predecessor-version":[{"id":2922,"href":"https:\/\/csee-scee.ca\/fr\/wp-json\/wp\/v2\/pages\/191\/revisions\/2922"}],"wp:attachment":[{"href":"https:\/\/csee-scee.ca\/fr\/wp-json\/wp\/v2\/media?parent=191"}],"curies":[{"name":"wp","href":"https:\/\/api.w.org\/{rel}","templated":true}]}}