{"id":139,"date":"2024-12-04T05:12:13","date_gmt":"2024-12-04T05:12:13","guid":{"rendered":"https:\/\/csee-scee.ca\/?page_id=139"},"modified":"2026-01-23T07:40:50","modified_gmt":"2026-01-23T11:40:50","slug":"elections","status":"publish","type":"page","link":"https:\/\/csee-scee.ca\/fr\/elections\/","title":{"rendered":"\u00c9lections"},"content":{"rendered":"<div data-elementor-type=\"wp-page\" data-elementor-id=\"139\" class=\"elementor elementor-139\" data-elementor-post-type=\"page\">\n\t\t\t\t<div class=\"elementor-element elementor-element-318ec395 e-flex e-con-boxed e-con e-parent\" data-id=\"318ec395\" data-element_type=\"container\">\n\t\t\t\t\t<div class=\"e-con-inner\">\n\t\t\t\t<div class=\"elementor-element elementor-element-188f00ff elementor-widget elementor-widget-heading\" data-id=\"188f00ff\" data-element_type=\"widget\" data-widget_type=\"heading.default\">\n\t\t\t\t<div class=\"elementor-widget-container\">\n\t\t\t<h2 class=\"elementor-heading-title elementor-size-default\">\u00c9lections au Conseil de la SCEE\n<\/h2>\t\t<\/div>\n\t\t\t\t<\/div>\n\t\t\t\t<div class=\"elementor-element elementor-element-40895922 elementor-widget__width-initial elementor-widget elementor-widget-text-editor\" data-id=\"40895922\" data-element_type=\"widget\" data-widget_type=\"text-editor.default\">\n\t\t\t\t<div class=\"elementor-widget-container\">\n\t\t\t\t\t\t\t<p>Voulez-vous faire avancer l\u2019\u00e9cologie, l\u2019\u00e9volution et la conservation au Canada? Souhaitez-vous faire partie d'une \u00e9quipe qui fait avancer les choses au nom d\u2019une plus grande communaut\u00e9? Alors, pr\u00e9sentez votre candidature aux \u00e9lections du Conseil de la SCEE!<\/p><p>Chaque ann\u00e9e, les postes \u00e0 pourvoir au sein du conseil sont annonc\u00e9s en janvier, et les \u00e9lections ont lieu au printemps.\u00a0<\/p>\t\t\t\t\t\t<\/div>\n\t\t\t\t<\/div>\n\t\t\t\t\t<\/div>\n\t\t\t\t<\/div>\n\t\t<div class=\"elementor-element elementor-element-f15ca79 e-flex e-con-boxed e-con e-parent\" data-id=\"f15ca79\" data-element_type=\"container\">\n\t\t\t\t\t<div class=\"e-con-inner\">\n\t\t\t\t<div class=\"elementor-element elementor-element-1f4a03c elementor-widget elementor-widget-text-editor\" data-id=\"1f4a03c\" data-element_type=\"widget\" data-widget_type=\"text-editor.default\">\n\t\t\t\t<div class=\"elementor-widget-container\">\n\t\t\t\t\t\t\t<p>Nous sollicitons des mises en candidature pour les postes suivants :<\/p><ul><li><strong>vice-pr\u00e9sident(e) \/ pr\u00e9sident(e) d\u00e9sign\u00e9(e)<\/strong> (un poste : mandat de 2 ans comme vice-pr\u00e9sident(e), suivi d\u2019un mandat de 2 ans comme pr\u00e9sident(e))<\/li><li><strong>conseiller(\u00e8re) r\u00e9gulier(\u00e8re)<\/strong> (two positions: 3 year term)<\/li><li><strong>conseiller(\u00e8re) \u00e9tudiant(e) aux cycles sup\u00e9rieurs<\/strong> (un poste : mandat de 2 ans). Vous pouvez consulter la description des fonctions associ\u00e9es \u00e0 chacun de ces postes dans nos r\u00e8glements internes, disponibles \u00e0 l\u2019adresse suivante : <a href=\"\/fr\/society-governance\/\">https:\/\/csee-scee.ca\/fr\/society-governance\/<\/a><\/li><\/ul><p>\u00a0<\/p><p>Vous pouvez proposer votre propre candidature ou celle d\u2019une ou d\u2019un coll\u00e8gue (avec son consentement). Les personnes posant leur candidature sont pri\u00e9es de r\u00e9diger une courte biographie (moins de 150 mots) pr\u00e9sentant leur parcours, ce qu\u2019elles apporteront \u00e0 la SC\u00c9\u00c9 et ce qu\u2019elles souhaitent accomplir. Veuillez envoyer cette biographie, accompagn\u00e9e d\u2019une photo portrait, au vice-pr\u00e9sident de la SC\u00c9\u00c9 \u00e0 l\u2019adresse suivante: <a href=\"mailto:vp@csee-scee.ca\">vp@csee-scee.ca<\/a>.<\/p><p><strong>Les mises en candidature seront accept\u00e9es jusqu\u2019au 26 avril 2026,<\/strong>et les \u00e9lections auront lieu au d\u00e9but mai. Nous pr\u00e9voyons que les nouveaux membres du Conseil entreront en fonction le 1er septembre 2026.<\/p>\t\t\t\t\t\t<\/div>\n\t\t\t\t<\/div>\n\t\t\t\t\t<\/div>\n\t\t\t\t<\/div>\n\t\t\t\t<\/div>","protected":false},"excerpt":{"rendered":"<p>CSEE Council Elections Do you want to help advance the profile of ecology, evolution, and conservation in Canada? Do you want to be part of a team that gets things done on behalf of the broader community? Then run for CSEE Council! Each year, available council positions are announced in January, followed by spring elections.\u00a0 [&hellip;]<\/p>","protected":false},"author":1,"featured_media":0,"parent":0,"menu_order":0,"comment_status":"closed","ping_status":"closed","template":"","meta":{"_seopress_robots_primary_cat":"","_seopress_titles_title":"","_seopress_titles_desc":"","_seopress_robots_index":"","footnotes":""},"class_list":["post-139","page","type-page","status-publish","hentry"],"_links":{"self":[{"href":"https:\/\/csee-scee.ca\/fr\/wp-json\/wp\/v2\/pages\/139","targetHints":{"allow":["GET"]}}],"collection":[{"href":"https:\/\/csee-scee.ca\/fr\/wp-json\/wp\/v2\/pages"}],"about":[{"href":"https:\/\/csee-scee.ca\/fr\/wp-json\/wp\/v2\/types\/page"}],"author":[{"embeddable":true,"href":"https:\/\/csee-scee.ca\/fr\/wp-json\/wp\/v2\/users\/1"}],"replies":[{"embeddable":true,"href":"https:\/\/csee-scee.ca\/fr\/wp-json\/wp\/v2\/comments?post=139"}],"version-history":[{"count":13,"href":"https:\/\/csee-scee.ca\/fr\/wp-json\/wp\/v2\/pages\/139\/revisions"}],"predecessor-version":[{"id":2744,"href":"https:\/\/csee-scee.ca\/fr\/wp-json\/wp\/v2\/pages\/139\/revisions\/2744"}],"wp:attachment":[{"href":"https:\/\/csee-scee.ca\/fr\/wp-json\/wp\/v2\/media?parent=139"}],"curies":[{"name":"wp","href":"https:\/\/api.w.org\/{rel}","templated":true}]}}