{"id":687,"date":"2025-03-01T05:54:35","date_gmt":"2025-03-01T05:54:35","guid":{"rendered":"https:\/\/csee-scee.ca\/?page_id=687"},"modified":"2026-02-23T14:06:33","modified_gmt":"2026-02-23T18:06:33","slug":"advancing-equity-diversity-and-inclusion","status":"publish","type":"page","link":"http:\/\/csee-scee.ca\/fr\/advancing-equity-diversity-and-inclusion\/","title":{"rendered":"L\u2019avancement de l\u2019EDI"},"content":{"rendered":"<div data-elementor-type=\"wp-page\" data-elementor-id=\"687\" class=\"elementor elementor-687\" data-elementor-post-type=\"page\">\n\t\t\t\t<div class=\"elementor-element elementor-element-f86cea3 e-flex e-con-boxed e-con e-parent\" data-id=\"f86cea3\" data-element_type=\"container\">\n\t\t\t\t\t<div class=\"e-con-inner\">\n\t\t\t\t<div class=\"elementor-element elementor-element-6d16eb0 elementor-widget elementor-widget-text-editor\" data-id=\"6d16eb0\" data-element_type=\"widget\" data-widget_type=\"text-editor.default\">\n\t\t\t\t<div class=\"elementor-widget-container\">\n\t\t\t\t\t\t\t<p class=\"p1\">Le comit\u00e9 EDI de la SCEE \u0153uvre \u00e0 promouvoir l\u2019\u00e9quit\u00e9, la diversit\u00e9 et l\u2019inclusion parmi ses membres, et \u00e0 veiller \u00e0 ce que ces principes soient respect\u00e9s au sein de la CSEE. Nous travaillons aux c\u00f4t\u00e9s du conseil et des membres afin de d\u00e9fendre ces valeurs, telles qu\u2019\u00e9nonc\u00e9es dans la d\u00e9claration EDI de la CSEE.\n\nLe comit\u00e9 organise une gamme d\u2019activit\u00e9s, notamment des webinaires, des ressources, des formations et des \u00e9v\u00e9nements qui soutiennent une culture d\u2019inclusion, d\u2019accessibilit\u00e9, de respect et d\u2019appartenance au sein de la communaut\u00e9 de la SCEE.<\/p>\t\t\t\t\t\t<\/div>\n\t\t\t\t<\/div>\n\t\t\t\t\t<\/div>\n\t\t\t\t<\/div>\n\t\t<div class=\"elementor-element elementor-element-174e1d9 e-flex e-con-boxed e-con e-parent\" data-id=\"174e1d9\" data-element_type=\"container\">\n\t\t\t\t\t<div class=\"e-con-inner\">\n\t\t<div class=\"elementor-element elementor-element-76c7fd9 e-con-full e-flex e-con e-child\" data-id=\"76c7fd9\" data-element_type=\"container\">\n\t\t\t\t<div class=\"elementor-element elementor-element-c5b7db5 elementor-invisible elementor-widget elementor-widget-image\" data-id=\"c5b7db5\" data-element_type=\"widget\" data-settings=\"{&quot;_animation&quot;:&quot;slideInLeft&quot;}\" data-widget_type=\"image.default\">\n\t\t\t\t<div class=\"elementor-widget-container\">\n\t\t\t\t\t\t\t\t\t\t\t\t\t<img fetchpriority=\"high\" decoding=\"async\" width=\"800\" height=\"534\" src=\"https:\/\/csee-scee.ca\/wp-content\/uploads\/2024-05-27UBCCanadianSocietyforEcologyandEvolutionEventEDIT_JPC_4591-1024x683.jpg\" class=\"attachment-large size-large wp-image-2144\" alt=\"\" srcset=\"https:\/\/csee-scee.ca\/wp-content\/uploads\/2024-05-27UBCCanadianSocietyforEcologyandEvolutionEventEDIT_JPC_4591-1024x683.jpg 1024w, https:\/\/csee-scee.ca\/wp-content\/uploads\/2024-05-27UBCCanadianSocietyforEcologyandEvolutionEventEDIT_JPC_4591-300x200.jpg 300w, https:\/\/csee-scee.ca\/wp-content\/uploads\/2024-05-27UBCCanadianSocietyforEcologyandEvolutionEventEDIT_JPC_4591-768x512.jpg 768w, https:\/\/csee-scee.ca\/wp-content\/uploads\/2024-05-27UBCCanadianSocietyforEcologyandEvolutionEventEDIT_JPC_4591-1536x1024.jpg 1536w, https:\/\/csee-scee.ca\/wp-content\/uploads\/2024-05-27UBCCanadianSocietyforEcologyandEvolutionEventEDIT_JPC_4591-18x12.jpg 18w, https:\/\/csee-scee.ca\/wp-content\/uploads\/2024-05-27UBCCanadianSocietyforEcologyandEvolutionEventEDIT_JPC_4591.jpg 2048w\" sizes=\"(max-width: 800px) 100vw, 800px\" \/>\t\t\t\t\t\t\t\t\t\t\t\t\t<\/div>\n\t\t\t\t<\/div>\n\t\t\t\t<\/div>\n\t\t\t\t<div class=\"elementor-element elementor-element-d3f33eb elementor-invisible elementor-widget elementor-widget-image\" data-id=\"d3f33eb\" data-element_type=\"widget\" data-settings=\"{&quot;_animation&quot;:&quot;slideInLeft&quot;}\" data-widget_type=\"image.default\">\n\t\t\t\t<div class=\"elementor-widget-container\">\n\t\t\t\t\t\t\t\t\t\t\t\t\t<img decoding=\"async\" width=\"768\" height=\"512\" src=\"https:\/\/csee-scee.ca\/wp-content\/uploads\/2024-05-27UBCCanadianSocietyforEcologyandEvolutionEventEDIT_JPC_4595-768x512.jpg\" class=\"attachment-medium_large size-medium_large wp-image-2146\" alt=\"\" srcset=\"https:\/\/csee-scee.ca\/wp-content\/uploads\/2024-05-27UBCCanadianSocietyforEcologyandEvolutionEventEDIT_JPC_4595-768x512.jpg 768w, https:\/\/csee-scee.ca\/wp-content\/uploads\/2024-05-27UBCCanadianSocietyforEcologyandEvolutionEventEDIT_JPC_4595-300x200.jpg 300w, https:\/\/csee-scee.ca\/wp-content\/uploads\/2024-05-27UBCCanadianSocietyforEcologyandEvolutionEventEDIT_JPC_4595-1024x683.jpg 1024w, https:\/\/csee-scee.ca\/wp-content\/uploads\/2024-05-27UBCCanadianSocietyforEcologyandEvolutionEventEDIT_JPC_4595-1536x1024.jpg 1536w, https:\/\/csee-scee.ca\/wp-content\/uploads\/2024-05-27UBCCanadianSocietyforEcologyandEvolutionEventEDIT_JPC_4595-18x12.jpg 18w, https:\/\/csee-scee.ca\/wp-content\/uploads\/2024-05-27UBCCanadianSocietyforEcologyandEvolutionEventEDIT_JPC_4595.jpg 2048w\" sizes=\"(max-width: 768px) 100vw, 768px\" \/>\t\t\t\t\t\t\t\t\t\t\t\t\t<\/div>\n\t\t\t\t<\/div>\n\t\t<div class=\"elementor-element elementor-element-c0a0854 e-con-full e-flex e-con e-child\" data-id=\"c0a0854\" data-element_type=\"container\">\n\t\t<div class=\"elementor-element elementor-element-02026dc e-con-full e-flex e-con e-child\" data-id=\"02026dc\" data-element_type=\"container\">\n\t\t<div class=\"elementor-element elementor-element-8478714 e-con-full e-flex e-con e-child\" data-id=\"8478714\" data-element_type=\"container\">\n\t\t\t\t<div class=\"elementor-element elementor-element-b2b9f9d elementor-invisible elementor-widget elementor-widget-image\" data-id=\"b2b9f9d\" data-element_type=\"widget\" data-settings=\"{&quot;_animation&quot;:&quot;slideInLeft&quot;}\" data-widget_type=\"image.default\">\n\t\t\t\t<div class=\"elementor-widget-container\">\n\t\t\t\t\t\t\t\t\t\t\t\t\t<img decoding=\"async\" width=\"800\" height=\"798\" src=\"https:\/\/csee-scee.ca\/wp-content\/uploads\/sherbrooke2-1-1024x1022.jpg\" class=\"attachment-large size-large wp-image-2842\" alt=\"\" srcset=\"https:\/\/csee-scee.ca\/wp-content\/uploads\/sherbrooke2-1-1024x1022.jpg 1024w, https:\/\/csee-scee.ca\/wp-content\/uploads\/sherbrooke2-1-300x300.jpg 300w, https:\/\/csee-scee.ca\/wp-content\/uploads\/sherbrooke2-1-150x150.jpg 150w, https:\/\/csee-scee.ca\/wp-content\/uploads\/sherbrooke2-1-768x767.jpg 768w, https:\/\/csee-scee.ca\/wp-content\/uploads\/sherbrooke2-1-12x12.jpg 12w, https:\/\/csee-scee.ca\/wp-content\/uploads\/sherbrooke2-1.jpg 1076w\" sizes=\"(max-width: 800px) 100vw, 800px\" \/>\t\t\t\t\t\t\t\t\t\t\t\t\t<\/div>\n\t\t\t\t<\/div>\n\t\t\t\t<\/div>\n\t\t\t\t<\/div>\n\t\t\t\t<\/div>\n\t\t\t\t\t<\/div>\n\t\t\t\t<\/div>\n\t\t<div class=\"elementor-element elementor-element-dacc80f e-flex e-con-boxed e-con e-parent\" data-id=\"dacc80f\" data-element_type=\"container\">\n\t\t\t\t\t<div class=\"e-con-inner\">\n\t\t<div class=\"elementor-element elementor-element-b7f2d2e e-con-full e-flex e-con e-child\" data-id=\"b7f2d2e\" data-element_type=\"container\">\n\t\t\t\t<div class=\"elementor-element elementor-element-23f5ad5 elementor-invisible elementor-widget elementor-widget-heading\" data-id=\"23f5ad5\" data-element_type=\"widget\" data-settings=\"{&quot;_animation&quot;:&quot;fadeIn&quot;}\" data-widget_type=\"heading.default\">\n\t\t\t\t<div class=\"elementor-widget-container\">\n\t\t\t<h2 class=\"elementor-heading-title elementor-size-default\">D\u00e9claration d\u2019engagement en mati\u00e8re de diversit\u00e9 et d\u2019inclusion<\/h2>\t\t<\/div>\n\t\t\t\t<\/div>\n\t\t\t\t<\/div>\n\t\t<div class=\"elementor-element elementor-element-825fff6 e-con-full e-grid e-con e-child\" data-id=\"825fff6\" data-element_type=\"container\">\n\t\t\t\t<div class=\"elementor-element elementor-element-33379f6 elementor-widget-divider--view-line elementor-widget elementor-widget-divider\" data-id=\"33379f6\" data-element_type=\"widget\" data-widget_type=\"divider.default\">\n\t\t\t\t<div class=\"elementor-widget-container\">\n\t\t\t\t\t<div class=\"elementor-divider\">\n\t\t\t<span class=\"elementor-divider-separator\">\n\t\t\t\t\t\t<\/span>\n\t\t<\/div>\n\t\t\t\t<\/div>\n\t\t\t\t<\/div>\n\t\t\t\t<div class=\"elementor-element elementor-element-794c32f elementor-widget elementor-widget-text-editor\" data-id=\"794c32f\" data-element_type=\"widget\" data-widget_type=\"text-editor.default\">\n\t\t\t\t<div class=\"elementor-widget-container\">\n\t\t\t\t\t\t\t<p>La Soci\u00e9t\u00e9 canadienne d\u2019\u00e9cologie et d\u2019\u00e9volution (SCEE) est engag\u00e9e \u00e0 promouvoir l\u2019\u00e9tude de l\u2019\u00e9cologie et de l\u2019\u00e9volution au Canada et dans le monde, \u00e0 sensibiliser le public \u00e0 l\u2019importance de ces domaines, et \u00e0 faciliter et augmenter la communication entre les membres de la SCEE, les responsables politiques, les conseils subventionnaires et les actionnaires. Notre Soci\u00e9t\u00e9 accueille la diversit\u00e9 et l\u2019inclusion et croit que tous les membres, les conseiller.\u00e8re.s, les visiteur.e.s et les participant.e.s \u00e0 ses activit\u00e9s m\u00e9ritent d\u2019\u00eatre trait\u00e9 avec respect, dignit\u00e9 et gentillesse et qu\u2019ils traiteront les autres de la m\u00eame mani\u00e8re. La SCEE ne tol\u00e8rera aucune forme de discrimination \u00e0 l\u2019\u00e9gard de ses membres. Ceci inclut de la discrimination sur la base de l\u2019\u00e2ge, de la culture, de l\u2019ethnicit\u00e9, de l\u2019identit\u00e9 ou expression de genre, de l\u2019origine nationale, des diff\u00e9rences physiques ou intellectuelles, de l\u2019affiliation politique, de la grossesse ou du r\u00f4le parental, de la race, de la religion, de l\u2019orientation sexuelle ou des circonstances socio-\u00e9conomiques. La SCEE reconna\u00eet que l\u2019ensemble de ses membres ont un r\u00f4le \u00e0 jouer dans la promotion de la diversit\u00e9 et de l\u2019inclusion lors des activit\u00e9s de la Soci\u00e9t\u00e9 telles que son congr\u00e8s annuel, des r\u00e9unions de son conseil d\u2019administration et du travail de ses comit\u00e9s, ainsi que pour s\u2019assurer que les voix des communaut\u00e9s sous-repr\u00e9sent\u00e9es soient entendues au sein de notre Soci\u00e9t\u00e9. La SCEE s\u2019engage \u00e0 promouvoir activement une culture d\u2019\u00e9quit\u00e9, de diversit\u00e9 et d\u2019inclusion par le respect de ses r\u00e8gles, par le travail de ses comit\u00e9s, et par l\u2019identification et la r\u00e9duction des barri\u00e8res \u00e0 la participation de ses membres.<\/p><p>D\u00e9claration d\u2019engagement r\u00e9dig\u00e9e par Julia Kilgour, Judy Myers, Jeremy Kerr, Sheila Colla et Jana Vamosi. Adopt\u00e9e lors de l\u2019assembl\u00e9e g\u00e9n\u00e9rale du congr\u00e8s de 2017 \u00e0 Victoria.<\/p>\t\t\t\t\t\t<\/div>\n\t\t\t\t<\/div>\n\t\t\t\t<\/div>\n\t\t\t\t\t<\/div>\n\t\t\t\t<\/div>\n\t\t<div class=\"elementor-element elementor-element-4071b80 e-flex e-con-boxed e-con e-parent\" data-id=\"4071b80\" data-element_type=\"container\">\n\t\t\t\t\t<div class=\"e-con-inner\">\n\t\t\t\t<div class=\"elementor-element elementor-element-b3f3e3a elementor-widget__width-initial elementor-widget elementor-widget-text-editor\" data-id=\"b3f3e3a\" data-element_type=\"widget\" data-widget_type=\"text-editor.default\">\n\t\t\t\t<div class=\"elementor-widget-container\">\n\t\t\t\t\t\t\t<p>Nous encourageons nos membres \u00e0 soumettre des propositions de demandes de financement pour des initiatives ou \u00e9v\u00e9nements sp\u00e9cifiques visant \u00e0 faire progresser l'EDI dans les domaines de l'\u00e9cologie et\/ou de l'\u00e9volution. Pour plus d'informations, veuillez consulter cette <a href=\"https:\/\/csee-scee.ca\/fr\/csee-support-for-outreach\/\">page web<\/a>.\u00a0<\/p>\t\t\t\t\t\t<\/div>\n\t\t\t\t<\/div>\n\t\t\t\t\t<\/div>\n\t\t\t\t<\/div>\n\t\t\t\t<\/div>","protected":false},"excerpt":{"rendered":"<p>The CSEE EDI Committee works to promote equity, diversity and inclusivity among its members, and to ensure these principles are upheld in CSEE we work alongside council and members to uphold these values, as outlined in the CSEE EDI statement. The committee organizes a range of activities, including webinars, resources, trainings, and events that support [&hellip;]<\/p>","protected":false},"author":3,"featured_media":0,"parent":0,"menu_order":0,"comment_status":"closed","ping_status":"closed","template":"","meta":{"_seopress_robots_primary_cat":"","_seopress_titles_title":"","_seopress_titles_desc":"","_seopress_robots_index":"","footnotes":""},"class_list":["post-687","page","type-page","status-publish","hentry"],"_links":{"self":[{"href":"http:\/\/csee-scee.ca\/fr\/wp-json\/wp\/v2\/pages\/687","targetHints":{"allow":["GET"]}}],"collection":[{"href":"http:\/\/csee-scee.ca\/fr\/wp-json\/wp\/v2\/pages"}],"about":[{"href":"http:\/\/csee-scee.ca\/fr\/wp-json\/wp\/v2\/types\/page"}],"author":[{"embeddable":true,"href":"http:\/\/csee-scee.ca\/fr\/wp-json\/wp\/v2\/users\/3"}],"replies":[{"embeddable":true,"href":"http:\/\/csee-scee.ca\/fr\/wp-json\/wp\/v2\/comments?post=687"}],"version-history":[{"count":37,"href":"http:\/\/csee-scee.ca\/fr\/wp-json\/wp\/v2\/pages\/687\/revisions"}],"predecessor-version":[{"id":2845,"href":"http:\/\/csee-scee.ca\/fr\/wp-json\/wp\/v2\/pages\/687\/revisions\/2845"}],"wp:attachment":[{"href":"http:\/\/csee-scee.ca\/fr\/wp-json\/wp\/v2\/media?parent=687"}],"curies":[{"name":"wp","href":"https:\/\/api.w.org\/{rel}","templated":true}]}}