{"id":426,"date":"2025-01-20T20:41:28","date_gmt":"2025-01-20T20:41:28","guid":{"rendered":"https:\/\/csee-scee.ca\/?page_id=426"},"modified":"2026-02-02T13:54:29","modified_gmt":"2026-02-02T17:54:29","slug":"signup","status":"publish","type":"page","link":"http:\/\/csee-scee.ca\/fr\/signup\/","title":{"rendered":"Joindre la SCEE"},"content":{"rendered":"<div data-elementor-type=\"wp-page\" data-elementor-id=\"426\" class=\"elementor elementor-426\" data-elementor-post-type=\"page\">\n\t\t\t\t<div class=\"elementor-element elementor-element-61fdc62 e-grid e-con-boxed e-con e-parent\" data-id=\"61fdc62\" data-element_type=\"container\">\n\t\t\t\t\t<div class=\"e-con-inner\">\n\t\t\t\t<div class=\"elementor-element elementor-element-f95a4cd elementor-widget elementor-widget-text-editor\" data-id=\"f95a4cd\" data-element_type=\"widget\" data-widget_type=\"text-editor.default\">\n\t\t\t\t<div class=\"elementor-widget-container\">\n\t\t\t\t\t\t\t<h3 style=\"text-align: center;\"><strong>Devenir membre de la SCEE<\/strong><\/h3>\t\t\t\t\t\t<\/div>\n\t\t\t\t<\/div>\n\t\t\t\t<div class=\"elementor-element elementor-element-f79bd08 elementor-widget-divider--view-line elementor-widget elementor-widget-divider\" data-id=\"f79bd08\" data-element_type=\"widget\" data-widget_type=\"divider.default\">\n\t\t\t\t<div class=\"elementor-widget-container\">\n\t\t\t\t\t<div class=\"elementor-divider\">\n\t\t\t<span class=\"elementor-divider-separator\">\n\t\t\t\t\t\t<\/span>\n\t\t<\/div>\n\t\t\t\t<\/div>\n\t\t\t\t<\/div>\n\t\t\t\t\t<\/div>\n\t\t\t\t<\/div>\n\t\t<div class=\"elementor-element elementor-element-c881920 e-flex e-con-boxed e-con e-parent\" data-id=\"c881920\" data-element_type=\"container\">\n\t\t\t\t\t<div class=\"e-con-inner\">\n\t\t\t\t<div class=\"elementor-element elementor-element-09435c3 elementor-widget elementor-widget-text-editor\" data-id=\"09435c3\" data-element_type=\"widget\" data-widget_type=\"text-editor.default\">\n\t\t\t\t<div class=\"elementor-widget-container\">\n\t\t\t\t\t\t\t<p>La SCEE joue un r\u00f4le essentiel dans la promotion de l\u2019\u00e9cologie et de la science \u00e9volutive au Canada et dans la facilitation de la communication entre ses membres. Nous cherchons \u00e0 avoir des membres de partout au pays et \u00e0 tous stades de leurs carri\u00e8res. Si vous supportez nos <a href=\"https:\/\/csee-scee.ca\/fr\/\">objectifs<\/a>, nous vous encourageons \u00e0 devenir membre.<\/p><p><strong>Les avantages li\u00e9s \u00e0 l\u2019adh\u00e9sion<\/strong> comprennent des frais d\u2019inscription r\u00e9duits pour le congr\u00e8s annuel; l\u2019acc\u00e8s aux envois r\u00e9serv\u00e9s aux membres, aux prix de conf\u00e9rence, aux webinaires et aux ateliers; le soutien de <a href=\"https:\/\/cdnsciencepub.com\/do\/10.1139\/news.2025.02.07\/full\/\">Canadian Science Publishing<\/a> pour les nouvelles collections et les propositions de symposium; des occasions de publier des offres d\u2019emploi sur notre babillard; la possibilit\u00e9 de participer aux activit\u00e9s du conseil; ainsi que l\u2019admissibilit\u00e9 \u00e0 du financement pour appuyer des initiatives de sensibilisation et des conf\u00e9rences r\u00e9gionales.<\/p><p><strong>Les frais d\u2019inscription<\/strong> servent \u00e0 couvrir les co\u00fbts li\u00e9s aux activit\u00e9s de la soci\u00e9t\u00e9, \u00e0 l\u2019organisation des r\u00e9unions, au soutien d\u2019ateliers cibl\u00e9s, \u00e0 l\u2019attribution de subventions de voyage et de prix aux \u00e9tudiants, ainsi qu\u2019\u00e0 la publication de prises de position et d\u2019autres documents visant \u00e0 am\u00e9liorer la communication de nos travaux. L\u2019adh\u00e9sion \u00e0 la SCEE correspond \u00e0 l\u2019ann\u00e9e civile (janvier \u00e0 d\u00e9cembre). Les cotisations sont de 65 $ par ann\u00e9e pour les membres r\u00e9guliers et de 30 $ par ann\u00e9e pour les \u00e9tudiants et les stagiaires postdoctoraux. L\u2019adh\u00e9sion \u00e0 vie co\u00fbte 2 000 $ et constitue une excellente fa\u00e7on d\u2019offrir un soutien \u00e0 long terme \u00e0 la soci\u00e9t\u00e9. Le moyen le plus simple de devenir membre est d\u2019utiliser le lien PayPal ci-dessous. Vous pouvez \u00e9galement payer par ch\u00e8que personnel, libell\u00e9 \u00e0 l\u2019ordre de la SCEE, et envoy\u00e9 \u00e0 la <em><a href=\"mailto:finances@csee-scee.ca\">tr\u00e9sorerie<\/a> ou \u00e0 la.au <a href=\"mailto:secr@csee-scee.ca\">secr\u00e9taire<\/a><\/em>.<\/p>\t\t\t\t\t\t<\/div>\n\t\t\t\t<\/div>\n\t\t\t\t\t<\/div>\n\t\t\t\t<\/div>\n\t\t<div class=\"elementor-element elementor-element-a9af9fe e-con-full e-flex e-con e-parent\" data-id=\"a9af9fe\" data-element_type=\"container\">\n\t\t\t\t<div class=\"elementor-element elementor-element-dd54c60 elementor-widget elementor-widget-html\" data-id=\"dd54c60\" data-element_type=\"widget\" data-widget_type=\"html.default\">\n\t\t\t\t<div class=\"elementor-widget-container\">\n\t\t\t<script>\nfunction hideAllForms() {\n  const ids = [\"1year\", \"2year\", \"lifetimemember\"];\n  ids.forEach(id => {\n    const el = document.getElementById(id);\n    if (el) el.style.display = \"none\";\n  });\n}\n\nfunction showForm() {\n  \/\/ hide membership chooser\n  const table = document.getElementById(\"which_membership\");\n  if (table) table.style.display = \"none\";\n\n  \/\/ hide all forms\n  hideAllForms();\n\n  \/\/ show the selected form\n  if (document.getElementById(\"one\")?.checked) {\n    document.getElementById(\"1year\").style.display = \"block\";\n  } else if (document.getElementById(\"two\")?.checked) {\n    document.getElementById(\"2year\").style.display = \"block\";\n  } else if (document.getElementById(\"lifetime\")?.checked) {\n    document.getElementById(\"lifetimemember\").style.display = \"block\";\n  }\n}\n\nfunction showTable() {\n  \/\/ show membership chooser\n  const table = document.getElementById(\"which_membership\");\n  if (table) table.style.display = \"block\";\n\n  \/\/ hide forms\n  hideAllForms();\n}\n<\/script>\n\n\n\n\n            <!--Which Membership-->\n            <div id=\"which_membership\" style=\"margin-top:30px;\">\n            <table class=\"table table-responsive\">\n                    <thead>\n                       <th> Type d\u2019inscription <\/th>\n                       <th><\/th>\n                    <\/thead>\n                    <tbody>\n                    <form>\n                        <tr>\n                            <td>\n                                <div class=\"radio\">\n                                    <label><input type=\"radio\" id='one' name=\"optradio\" required \/>Inscription d\u2019un an<\/label>\n                                <\/div>\n                            <\/td>\n                            <td>\n                            <div class=\"radiotext\">\n                                <label for='one'>$15.00 to $100.00<\/label>\n                            <\/div>\n                            <\/td>\n                        <\/tr>\n                        <!-- <tr>\n                            <td>\n                                <div class=\"radio\">\n                                    <label><input type=\"radio\" id='two' name=\"optradio\" required>Two Year Membership<\/label>\n                               <\/div>\n                            <\/td>\n                            <td>\n                                <div class=\"radiotext\">\n                                    <label for='two'>$45.00 to $90.00<\/label>\n                                <\/div>\n                            <\/td>\n                        <\/tr> -->\n                        <tr>\n                                <td>\n                                    <div class=\"radio\">\n                                        <label><input type=\"radio\" id='lifetime' name=\"optradio\" required \/>Inscription \u00e0 vie<\/label>\n                                   <\/div>\n                                <\/td>\n                                <td>\n                                    <div class=\"radiotext\">\n                                        <label for='lifetime'>$2000.00<\/label>\n                                    <\/div>\n                                <\/td>\n                            <\/tr>\n                        <input type=\"hidden\" name=\"trp-form-language\" value=\"fr\"\/><\/form>\n                        <\/tbody>\n               <\/table>\n             <button onclick=\"showForm()\" class=\"continue\">Continuer<\/button>\n            <\/div>\n            <div class=\"form\" id=\"1year\">\n                <button onclick=\"showTable()\" class=\"back\">Back<\/button>\n                <!--New Member Signup 1 year-->\n                <script src=\"https:\/\/memberservices.membee.com\/feeds\/Profile\/ProfileScript.ashx?cid=1332&pid=2601\" type=\"text\/javascript\" id=\"oneyear\"><\/script>\n            <\/div>\n            <div class=\"form\" id=\"2year\">\n                <button onclick=\"showTable()\" class=\"back\">Back<\/button>\n                <!--New Member Signup 2 year-->\n                <script src=\"https:\/\/memberservices.membee.com\/feeds\/Profile\/ProfileScript.ashx?cid=1332&pid=3201\" type=\"text\/javascript\" id=\"twoyear\"><\/script>\n            <\/div>\n            <div class=\"form\" id=\"lifetimemember\">\n                <button onclick=\"showTable()\" class=\"back\">Back<\/button>\n                <!--New Member Signup Lifestyle-->\n                <script src=\"https:\/\/memberservices.membee.com\/feeds\/Profile\/ProfileScript.ashx?cid=1332&pid=3001\" type=\"text\/javascript\" id=\"lifetimesub\"><\/script>\n            <\/div>\n        <\/div>\n    <\/div>\n\t\t<\/div>\n\t\t\t\t<\/div>\n\t\t\t\t<\/div>\n\t\t\t\t<\/div>","protected":false},"excerpt":{"rendered":"<p>Become a CSEE Member CSEE plays a vital role by promoting ecology and evolution in Canada and facilitating communication amongst its members. We aim for the broadest possible membership. If you support our objectives, we urge you to become a member. Membership benefits include discounted registration for the annual conference; access to member-only mailouts, conference [&hellip;]<\/p>","protected":false},"author":1,"featured_media":0,"parent":0,"menu_order":0,"comment_status":"closed","ping_status":"closed","template":"","meta":{"_seopress_robots_primary_cat":"","_seopress_titles_title":"","_seopress_titles_desc":"","_seopress_robots_index":"","footnotes":""},"class_list":["post-426","page","type-page","status-publish","hentry"],"_links":{"self":[{"href":"http:\/\/csee-scee.ca\/fr\/wp-json\/wp\/v2\/pages\/426","targetHints":{"allow":["GET"]}}],"collection":[{"href":"http:\/\/csee-scee.ca\/fr\/wp-json\/wp\/v2\/pages"}],"about":[{"href":"http:\/\/csee-scee.ca\/fr\/wp-json\/wp\/v2\/types\/page"}],"author":[{"embeddable":true,"href":"http:\/\/csee-scee.ca\/fr\/wp-json\/wp\/v2\/users\/1"}],"replies":[{"embeddable":true,"href":"http:\/\/csee-scee.ca\/fr\/wp-json\/wp\/v2\/comments?post=426"}],"version-history":[{"count":58,"href":"http:\/\/csee-scee.ca\/fr\/wp-json\/wp\/v2\/pages\/426\/revisions"}],"predecessor-version":[{"id":2770,"href":"http:\/\/csee-scee.ca\/fr\/wp-json\/wp\/v2\/pages\/426\/revisions\/2770"}],"wp:attachment":[{"href":"http:\/\/csee-scee.ca\/fr\/wp-json\/wp\/v2\/media?parent=426"}],"curies":[{"name":"wp","href":"https:\/\/api.w.org\/{rel}","templated":true}]}}