{"id":311,"date":"2024-12-05T00:50:55","date_gmt":"2024-12-05T00:50:55","guid":{"rendered":"https:\/\/csee-scee.ca\/?page_id=311"},"modified":"2025-06-20T15:26:27","modified_gmt":"2025-06-20T19:26:27","slug":"csee-support-for-regional-conferences","status":"publish","type":"page","link":"http:\/\/csee-scee.ca\/fr\/csee-support-for-regional-conferences\/","title":{"rendered":"Soutien de la SCEE pour les conf\u00e9rences r\u00e9gionales"},"content":{"rendered":"<div data-elementor-type=\"wp-page\" data-elementor-id=\"311\" class=\"elementor elementor-311\" data-elementor-post-type=\"page\">\n\t\t\t\t<div class=\"elementor-element elementor-element-30e7241 e-flex e-con-boxed e-con e-parent\" data-id=\"30e7241\" data-element_type=\"container\">\n\t\t\t\t\t<div class=\"e-con-inner\">\n\t\t\t\t<div class=\"elementor-element elementor-element-f9ae010 elementor-widget elementor-widget-text-editor\" data-id=\"f9ae010\" data-element_type=\"widget\" data-widget_type=\"text-editor.default\">\n\t\t\t\t<div class=\"elementor-widget-container\">\n\t\t\t\t\t\t\t<p>La SCEE consid\u00e8rera les demandes de soutien financier des membres d\u2019une bonne r\u00e9putation aupr\u00e8s de la soci\u00e9t\u00e9 pour des conf\u00e9rences r\u00e9gionales canadiennes en \u00e9cologie et en \u00e9volution qui r\u00e9pondent aux mandats de la SCEE en ce qui concerne la communication et la promotion de l\u2019\u00e9cologie, de l\u2019\u00e9volution, et de la biologie de la conservation, ainsi que l\u2019avancement de la diversit\u00e9, de l\u2019\u00e9quit\u00e9 et de l\u2019inclusion dans ces disciplines.\u00a0<\/p><p><strong>Faire une demande de financement pour les conf\u00e9rences r\u00e9gionales<\/strong><\/p><p>Les demandes soumises par les organisateurs de ces conf\u00e9rences doivent conformer\u00a0<strong>r\u00e8gles g\u00e9n\u00e9rales suivantes<\/strong>:<\/p><ol><li>Les demandes doivent \u00eatre faites par un membre actuel de la SCEE.<\/li><li>Les demandes doivent inclure une d\u00e9claration qui souligne la mani\u00e8re dont les fonds seront utilis\u00e9s et la mani\u00e8re dont la conf\u00e9rence ou l\u2019activit\u00e9 r\u00e9pond au mandat g\u00e9n\u00e9ral de la SCEE.<\/li><li>Le montant de l\u2019aide allou\u00e9e \u00e0 une seule conf\u00e9rence ne d\u00e9passera pas 600 $.<\/li><li>Le montant total de l\u2019aide allou\u00e9e au cours d\u2019un m\u00eame exercice financier ne d\u00e9passera pas 2 400 $.<\/li><li>Les organisateurs doivent utiliser le logo bilingue de la SCEE sur tout le mat\u00e9riel promotionnel associ\u00e9 \u00e0 la conf\u00e9rence ou \u00e0 l\u2019activit\u00e9.<\/li><li>Les organisateurs doivent promouvoir (le cas \u00e9ch\u00e9ant) joindre la SCEE.<\/li><\/ol><p><strong>\u00c0 noter:<\/strong>\u00a0Il est possible de faire plusieurs demandes de soutien financier pour un \u00e9v\u00e9nement qui se r\u00e9p\u00e8te plusieurs ann\u00e9es de suite, par contre, la priorit\u00e9 pourrait \u00eatre accord\u00e9e aux demandes qui sont soumises pour la premi\u00e8re fois.<\/p><p><strong>Format de la demande<\/strong><\/p><ul><li>Noms des organisateurs principaux<\/li><li>Titre de la demande<\/li><li>Lieu de l\u2019\u00e9v\u00e9nement<\/li><li>Br\u00e8ve description de l\u2019activit\u00e9<\/li><li>Participation pr\u00e9vue et\/ou taille du public<\/li><li>Date propos\u00e9e pour l\u2019activit\u00e9<\/li><li>Br\u00e8ve justification du financement demand\u00e9, y compris d\u2019autres sources de financement<\/li><\/ul><p><strong>Dates limites<\/strong><\/p><p>Il y a deux dates limites par an pour les soumissions, soit le 31 mai et le 31 octobre. Toutefois, les demandes seront prises en consid\u00e9ration \u00e0 d\u2019autres moments en fonction de la demande.<\/p><p>Veuillez envoyer vos propositions par courrier \u00e9lectronique au\u00a0<a href=\"mailto:joey.bernhardt@uoguelph.ca\">pr\u00e9sident actuel du comit\u00e9 de sensibilisation et d\u2019appui des conf\u00e9rences r\u00e9gionales de la SCEE.<\/a><\/p><p><strong>Obligations li\u00e9es \u00e0 la bourse<\/strong><\/p><ul><li>Les r\u00e9cipiendaires devront produire un rapport de synth\u00e8se pour la SCEE dans les quatre semaines suivant la fin de l\u2019activit\u00e9.\u00a0<strong>les quatre semaines suivant la fin de l\u2019activit\u00e9<\/strong>.<\/li><li>Les r\u00e9cipiendaires doivent faire en sorte que le soutien de la SCEE soit visible sur tous les documents (p. ex., le logo de la SCEE sur les affiches, les d\u00e9pliants et les diapositives) et sur le mat\u00e9riel promotionnel (p. ex., le site web).<\/li><li>Le SCEE publiera des informations au sujet de l\u2019activit\u00e9 de sensibilisation sur son site web, en conform\u00e9ment aux r\u00e8gles de publication et \u00e0 d\u2019autres politiques.<\/li><li>Les r\u00e9cipiendaires des fonds doivent fournir \u00e0 la pr\u00e9sidence et \u00e0 la tr\u00e9sorerie de la SCEE, un \u00e9tat financier d\u00e9crivant l\u2019utilisation des fonds, dans un d\u00e9lai de quatre mois suivant l\u2019activit\u00e9. Les fonds non utilis\u00e9s doivent \u00eatre retourn\u00e9s \u00e0 la Soci\u00e9t\u00e9.<\/li><\/ul><p>Les questions concernant le processus de candidature peuvent \u00eatre adress\u00e9es \u00e0 la <a href=\"mailto:joey.bernhardt@uoguelph.ca\">pr\u00e9sidence du comit\u00e9 de mobilisation de connaissances et d\u2019appui des conf\u00e9rences r\u00e9gionales de la SCEE.<\/a>.<\/p><p>Pour des exemples d\u2019activit\u00e9s de mobilisation de connaissances scientifiques et de conf\u00e9rences r\u00e9gionales soutenues par la SCEE, <a href=\"\/fr\/recent-outreach-activites-supported-by-csee\/\">cliquez ici<\/a>.<\/p>\t\t\t\t\t\t<\/div>\n\t\t\t\t<\/div>\n\t\t\t\t\t<\/div>\n\t\t\t\t<\/div>\n\t\t\t\t<\/div>","protected":false},"excerpt":{"rendered":"<p>CSEE will consider requests from members in good standing for financial support for regional Canadian conferences in ecology and evolution that meet the CSEE mandates for communication and promotion of ecology and evolution, conservation biology, and advancement of diversity, equity, and inclusion in these disciplines.\u00a0 Applying for funding in support of regional conferences Proposals from [&hellip;]<\/p>","protected":false},"author":1,"featured_media":0,"parent":0,"menu_order":0,"comment_status":"closed","ping_status":"closed","template":"","meta":{"_seopress_robots_primary_cat":"","_seopress_titles_title":"","_seopress_titles_desc":"","_seopress_robots_index":"","footnotes":""},"class_list":["post-311","page","type-page","status-publish","hentry"],"_links":{"self":[{"href":"http:\/\/csee-scee.ca\/fr\/wp-json\/wp\/v2\/pages\/311","targetHints":{"allow":["GET"]}}],"collection":[{"href":"http:\/\/csee-scee.ca\/fr\/wp-json\/wp\/v2\/pages"}],"about":[{"href":"http:\/\/csee-scee.ca\/fr\/wp-json\/wp\/v2\/types\/page"}],"author":[{"embeddable":true,"href":"http:\/\/csee-scee.ca\/fr\/wp-json\/wp\/v2\/users\/1"}],"replies":[{"embeddable":true,"href":"http:\/\/csee-scee.ca\/fr\/wp-json\/wp\/v2\/comments?post=311"}],"version-history":[{"count":13,"href":"http:\/\/csee-scee.ca\/fr\/wp-json\/wp\/v2\/pages\/311\/revisions"}],"predecessor-version":[{"id":2195,"href":"http:\/\/csee-scee.ca\/fr\/wp-json\/wp\/v2\/pages\/311\/revisions\/2195"}],"wp:attachment":[{"href":"http:\/\/csee-scee.ca\/fr\/wp-json\/wp\/v2\/media?parent=311"}],"curies":[{"name":"wp","href":"https:\/\/api.w.org\/{rel}","templated":true}]}}