{"id":306,"date":"2024-12-05T00:49:44","date_gmt":"2024-12-05T00:49:44","guid":{"rendered":"https:\/\/csee-scee.ca\/?page_id=306"},"modified":"2025-06-20T15:23:02","modified_gmt":"2025-06-20T19:23:02","slug":"csee-support-for-outreach","status":"publish","type":"page","link":"http:\/\/csee-scee.ca\/fr\/csee-support-for-outreach\/","title":{"rendered":"Soutien de la SCEE \u00e0 la mobilisation de connaissances"},"content":{"rendered":"<div data-elementor-type=\"wp-page\" data-elementor-id=\"306\" class=\"elementor elementor-306\" data-elementor-post-type=\"page\">\n\t\t\t\t<div class=\"elementor-element elementor-element-9699953 e-flex e-con-boxed e-con e-parent\" data-id=\"9699953\" data-element_type=\"container\">\n\t\t\t\t\t<div class=\"e-con-inner\">\n\t\t\t\t<div class=\"elementor-element elementor-element-46a9a14 elementor-widget elementor-widget-text-editor\" data-id=\"46a9a14\" data-element_type=\"widget\" data-widget_type=\"text-editor.default\">\n\t\t\t\t<div class=\"elementor-widget-container\">\n\t\t\t\t\t\t\t<p>Une partie du mandat de la SCEE est de soutenir les initiatives qui promeuvent l\u2019\u00e9ducation \u00e0 l\u2019\u00e9cologie, \u00e0 l\u2019\u00e9volution, \u00e0 la conservation et \u00e0 l'avancement de l'EDI. La SCEE soutient les activit\u00e9s de mobilisation de connaissances scientifiques et les conf\u00e9rences r\u00e9gionales par le biais des activit\u00e9s <a href=\"\/fr\/csee-committees\/\">du comit\u00e9 de mobilisation de connaissances et d\u2019appui des conf\u00e9rences r\u00e9gionales<\/a>. Ce comit\u00e9 alloue des fonds du budget annuel de la SCEE \u00e0 des activit\u00e9s de mobilisation de connaissances scientifiques et \u00e0 des conf\u00e9rences r\u00e9gionales \u00e0 travers le Canada, en r\u00e9ponse aux demandes soumises par les membres de la SCEE.\u00a0<\/p><p>Les d\u00e9tails concernant les demandes de financement pour des activit\u00e9s de mobilisation de connaissances scientifiques sont situ\u00e9s ci-dessous. Veuillez voir la section <a href=\"\/fr\/csee-support-for-regional-conferences\/\">Soutien de la SCEE aux conf\u00e9rences r\u00e9gionales<\/a> pour plus de d\u00e9tails sur les demandes de financement de conf\u00e9rences r\u00e9gionales \u00a0<\/p><p>Pour toutes questions concernant les activit\u00e9s du comit\u00e9 de mobilisation de connaissances et des conf\u00e9rences r\u00e9gionales de la SCEE, veuillez-vous adresser \u00e0 la <a href=\"mailto:joey.bernhardt@uoguelph.ca\">pr\u00e9sidence du comit\u00e9<\/a>.<\/p><h2 id=\"applying-for-funding-in-support-of-outreach\"><strong>Demande de financement pour soutenir la mobilisation des connaissances<\/strong><\/h2><p>La SCEE accepte les propositions d\u2019initiatives de mobilisation de connaissances scientifiques qui promeuvent l\u2019\u00e9ducation \u00e0 l\u2019\u00e9cologie, \u00e0 l\u2019\u00e9volution ou \u00e0 la conservation, l'avancement de l'EDI, les s\u00e9minaires de rayonnement pour le public, les expositions publiques, etc.<\/p><h3 id=\"general-rules\"><strong>R\u00e8gles g\u00e9n\u00e9rales<\/strong><\/h3><ul><li><p>La pr\u00e9f\u00e9rence sera donn\u00e9e aux propositions innovantes qui r\u00e9pondent \u00e0 un besoin clair de mobilisation de connaissances, qui ont un potentiel de renouvellement ou qui pourraient \u00eatre r\u00e9utilis\u00e9es dans d\u2019autres r\u00e9gions du Canada.<\/p><\/li><li><p>Il n\u2019est pas n\u00e9cessaire d\u2019\u00eatre membre de la SCEE pour postuler. Les non-membres de la SCEE dont les propositions sont retenues recevront une adh\u00e9sion gratuite \u00e0 la SCEE pour l\u2019ann\u00e9e, afin d\u2019encourager le r\u00e9seautage entre le public et la communaut\u00e9 de la SCEE.<\/p><\/li><\/ul><h3 id=\"award-amount\"><strong>Montant de la bourse<\/strong><\/h3><p>Le montant maximum de la bourse est g\u00e9n\u00e9ralement de 1000 $. Les demandes de bourses qui d\u00e9passent ce montant seront prises en consid\u00e9ration que dans des circonstances exceptionnelles.<\/p><h3 id=\"proposal-format\"><strong>Format de la demande<\/strong><\/h3><ul><li>Noms des organisateurs principaux<\/li><li>Titre de la demande<\/li><li>Lieu de l\u2019\u00e9v\u00e9nement<\/li><li>Br\u00e8ve description de l\u2019activit\u00e9 \u00a0 \u00a0\u00a0<\/li><li>Participation pr\u00e9vue et\/ou taille du public<\/li><li>Date propos\u00e9e pour l\u2019activit\u00e9<\/li><li>Br\u00e8ve justification du financement demand\u00e9, y compris d\u2019autres sources de financement<\/li><\/ul><h2 id=\"deadlines\"><strong>Dates limites<\/strong><\/h2><p>Il y a deux dates limites par an pour les soumissions, soit le 31 mai et le 31 octobre.<\/p><p>Veuillez envoyer vos demandes par courriel \u00e0 la <a href=\"mailto:joey.bernhardt@uoguelph.ca\">pr\u00e9sidence du comit\u00e9 de mobilisation de connaissances et d\u2019appui des conf\u00e9rences r\u00e9gionales de la SCEE<\/a>.<\/p><h2 id=\"obligations-associated-with-the-award\"><strong>Obligations li\u00e9es \u00e0 la bourse<\/strong><\/h2><ul><li>Les r\u00e9cipiendaires devront produire un rapport de synth\u00e8se pour la SCEE dans les quatre semaines suivant la fin de l\u2019activit\u00e9.\u00a0<strong>les quatre semaines suivant la fin de l\u2019activit\u00e9<\/strong>.<\/li><li>Les r\u00e9cipiendaires doivent faire en sorte que le soutien de la SCEE soit visible sur tous les documents (p. ex., le logo de la SCEE sur les affiches, les d\u00e9pliants et les diapositives) et sur le mat\u00e9riel promotionnel (p. ex., le site web).<\/li><li>Le SCEE publiera des informations au sujet de l\u2019activit\u00e9 de sensibilisation sur son site web, en conform\u00e9ment aux r\u00e8gles de publication et \u00e0 d\u2019autres politiques.<\/li><li>Les r\u00e9cipiendaires des fonds doivent fournir \u00e0 la pr\u00e9sidence et \u00e0 la tr\u00e9sorerie de la SCEE, un \u00e9tat financier d\u00e9crivant l\u2019utilisation des fonds, dans un d\u00e9lai de quatre mois suivant l\u2019activit\u00e9. Les fonds non utilis\u00e9s doivent \u00eatre retourn\u00e9s \u00e0 la Soci\u00e9t\u00e9.<\/li><\/ul><p>Les questions concernant le processus de candidature peuvent \u00eatre adress\u00e9es \u00e0 la <a href=\"mailto:joey.bernhardt@uoguelph.ca\">pr\u00e9sidence du comit\u00e9 de mobilisation de connaissances et d\u2019appui des conf\u00e9rences r\u00e9gionales de la SCEE.<\/a>.<\/p><p>Pour des exemples d\u2019activit\u00e9s de mobilisation de connaissances scientifiques et de conf\u00e9rences r\u00e9gionales soutenues par la SCEE, <a href=\"\/fr\/recent-outreach-activites-supported-by-csee\/\">cliquez ici<\/a>.<\/p>\t\t\t\t\t\t<\/div>\n\t\t\t\t<\/div>\n\t\t\t\t\t<\/div>\n\t\t\t\t<\/div>\n\t\t\t\t<\/div>","protected":false},"excerpt":{"rendered":"<p>Part of the mandate of CSEE is to provide support for initiatives that promote education in ecology, evolution, conservation and EDI. CSEE supports outreach activities and regional conferences through the activities of the Outreach and Regional Conference Support Committee. This committee allocates funds from the CSEE annual budget to outreach activities and regional conferences across [&hellip;]<\/p>","protected":false},"author":1,"featured_media":0,"parent":0,"menu_order":0,"comment_status":"closed","ping_status":"closed","template":"","meta":{"_seopress_robots_primary_cat":"","_seopress_titles_title":"","_seopress_titles_desc":"","_seopress_robots_index":"","footnotes":""},"class_list":["post-306","page","type-page","status-publish","hentry"],"_links":{"self":[{"href":"http:\/\/csee-scee.ca\/fr\/wp-json\/wp\/v2\/pages\/306","targetHints":{"allow":["GET"]}}],"collection":[{"href":"http:\/\/csee-scee.ca\/fr\/wp-json\/wp\/v2\/pages"}],"about":[{"href":"http:\/\/csee-scee.ca\/fr\/wp-json\/wp\/v2\/types\/page"}],"author":[{"embeddable":true,"href":"http:\/\/csee-scee.ca\/fr\/wp-json\/wp\/v2\/users\/1"}],"replies":[{"embeddable":true,"href":"http:\/\/csee-scee.ca\/fr\/wp-json\/wp\/v2\/comments?post=306"}],"version-history":[{"count":16,"href":"http:\/\/csee-scee.ca\/fr\/wp-json\/wp\/v2\/pages\/306\/revisions"}],"predecessor-version":[{"id":2192,"href":"http:\/\/csee-scee.ca\/fr\/wp-json\/wp\/v2\/pages\/306\/revisions\/2192"}],"wp:attachment":[{"href":"http:\/\/csee-scee.ca\/fr\/wp-json\/wp\/v2\/media?parent=306"}],"curies":[{"name":"wp","href":"https:\/\/api.w.org\/{rel}","templated":true}]}}