{"id":1042,"date":"2025-04-10T02:55:37","date_gmt":"2025-04-10T02:55:37","guid":{"rendered":"https:\/\/csee-scee.ca\/?page_id=1042"},"modified":"2025-11-18T11:11:20","modified_gmt":"2025-11-18T15:11:20","slug":"current-bulletin","status":"publish","type":"page","link":"http:\/\/csee-scee.ca\/fr\/current-bulletin\/","title":{"rendered":"Actualit\u00e9s et d\u00e9clarations"},"content":{"rendered":"<div data-elementor-type=\"wp-page\" data-elementor-id=\"1042\" class=\"elementor elementor-1042\" data-elementor-post-type=\"page\">\n\t\t\t\t<div class=\"elementor-element elementor-element-01b75db e-flex e-con-boxed e-con e-parent\" data-id=\"01b75db\" data-element_type=\"container\">\n\t\t\t\t\t<div class=\"e-con-inner\">\n\t\t\t\t<div class=\"elementor-element elementor-element-1b2ad4a elementor-invisible elementor-widget elementor-widget-n-accordion\" data-id=\"1b2ad4a\" data-element_type=\"widget\" data-settings=\"{&quot;_animation&quot;:&quot;fadeInDown&quot;,&quot;default_state&quot;:&quot;all_collapsed&quot;,&quot;max_items_expended&quot;:&quot;one&quot;,&quot;n_accordion_animation_duration&quot;:{&quot;unit&quot;:&quot;ms&quot;,&quot;size&quot;:400,&quot;sizes&quot;:[]}}\" data-widget_type=\"nested-accordion.default\">\n\t\t\t\t<div class=\"elementor-widget-container\">\n\t\t\t\t\t<div class=\"e-n-accordion\" aria-label=\"Accordion. Open links with Enter or Space, close with Escape, and navigate with Arrow Keys\">\n\t\t\t\t\t\t<details id=\"e-n-accordion-item-2840\" class=\"e-n-accordion-item\" >\n\t\t\t\t<summary class=\"e-n-accordion-item-title\" data-accordion-index=\"1\" tabindex=\"0\" aria-expanded=\"false\" aria-controls=\"e-n-accordion-item-2840\" >\n\t\t\t\t\t<span class='e-n-accordion-item-title-header'><div class=\"e-n-accordion-item-title-text\"> D\u00e9claration de la SCEE en support de la science aux \u00c9tats-Unis <\/div><\/span>\n\t\t\t\t\t\t\t<span class='e-n-accordion-item-title-icon'>\n\t\t\t<span class='e-opened' ><svg aria-hidden=\"true\" class=\"e-font-icon-svg e-fas-minus\" viewbox=\"0 0 448 512\" xmlns=\"http:\/\/www.w3.org\/2000\/svg\"><path d=\"M416 208H32c-17.67 0-32 14.33-32 32v32c0 17.67 14.33 32 32 32h384c17.67 0 32-14.33 32-32v-32c0-17.67-14.33-32-32-32z\"><\/path><\/svg><\/span>\n\t\t\t<span class='e-closed'><svg aria-hidden=\"true\" class=\"e-font-icon-svg e-fas-plus\" viewbox=\"0 0 448 512\" xmlns=\"http:\/\/www.w3.org\/2000\/svg\"><path d=\"M416 208H272V64c0-17.67-14.33-32-32-32h-32c-17.67 0-32 14.33-32 32v144H32c-17.67 0-32 14.33-32 32v32c0 17.67 14.33 32 32 32h144v144c0 17.67 14.33 32 32 32h32c17.67 0 32-14.33 32-32V304h144c17.67 0 32-14.33 32-32v-32c0-17.67-14.33-32-32-32z\"><\/path><\/svg><\/span>\n\t\t<\/span>\n\n\t\t\t\t\t\t<\/summary>\n\t\t\t\t<div role=\"region\" aria-labelledby=\"e-n-accordion-item-2840\" class=\"elementor-element elementor-element-95a9a78 e-con-full e-flex e-con e-child\" data-id=\"95a9a78\" data-element_type=\"container\">\n\t\t<div role=\"region\" aria-labelledby=\"e-n-accordion-item-2840\" class=\"elementor-element elementor-element-80250dd e-flex e-con-boxed e-con e-child\" data-id=\"80250dd\" data-element_type=\"container\">\n\t\t\t\t\t<div class=\"e-con-inner\">\n\t\t\t\t<div class=\"elementor-element elementor-element-bc959a7 elementor-widget elementor-widget-text-editor\" data-id=\"bc959a7\" data-element_type=\"widget\" data-widget_type=\"text-editor.default\">\n\t\t\t\t<div class=\"elementor-widget-container\">\n\t\t\t\t\t\t\t<p>4 avril 2025<\/p><p>Ch\u00e8re communaut\u00e9 de la Soci\u00e9t\u00e9 Canadienne d\u2019\u00c9cologie et de l\u2019\u00c9volution,<\/p><p>Nous vous \u00e9crivons pour exprimer notre inqui\u00e9tude face aux actions du gouvernement des \u00c9tats-Unis, qui cherche \u00e0 d\u00e9manteler la recherche scientifique am\u00e9ricaine, ainsi que pour exprimer notre solidarit\u00e9 avec les membres de la SCEE dans les institutions am\u00e9ricaines, nos partenaires, nos coll\u00e8gues, et tous les scientifiques bas\u00e9s aux \u00c9tats-Unis.<\/p><p>Depuis son entr\u00e9e en fonction, l\u2019administration du pr\u00e9sident Trump a renvoy\u00e9 des milliers de scientifiques gouvernementaux; a suspendu ou retard\u00e9 des comit\u00e9s d\u2019\u00e9valuation de subventions; a annul\u00e9 des subventions d\u00e9j\u00e0 accord\u00e9es; a menac\u00e9 de retenir le financement de certaines universit\u00e9s afin de contr\u00f4ler la libert\u00e9 d\u2019expression politique; a \u00e9limin\u00e9 le financement pour les initiatives qui promouvaient l\u2019\u00e9quit\u00e9, la diversit\u00e9 et l\u2019inclusion visant \u00e0 rendre l\u2019ensemble des scientifiques plus repr\u00e9sentatif de la population am\u00e9ricaine; a supprim\u00e9 des sites web et des bases de donn\u00e9es sur lesquels d\u00e9pendent les scientifiques et le public pour obtenir des informations correctes; et a restreint les collaborations scientifiques internationales, incluant celles avec les scientifiques au Canada. Ces attaques sur la science ont eu lieu rapidement et leurs impacts sont consid\u00e9rables.<\/p><p>La science est une entreprise non partisane qui fournit de nombreux b\u00e9n\u00e9fices \u00e0 l\u2019humanit\u00e9, autant \u00e0 notre sant\u00e9, notre s\u00e9curit\u00e9 et nos loisirs, qu\u2019\u00e0 notre \u00e9conomie et notre s\u00e9curit\u00e9 nationale. L\u2019avancement de la science a donc, depuis tr\u00e8s longtemps, re\u00e7u le support continu de tous les partis politiques majeurs au Canada et aux \u00c9tats-Unis. Les attaques de l\u2019administration Trump sur la science posent une grave menace pour le progr\u00e8s scientifique et la soci\u00e9t\u00e9 en g\u00e9n\u00e9ral.<\/p><p>Dans notre communaut\u00e9 d\u2019\u00e9cologie et d\u2019\u00e9volution, des milliers de scientifiques des deux c\u00f4t\u00e9s de la fronti\u00e8re canadienne-am\u00e9ricaine travaillent ensemble pour conserver la biodiversit\u00e9, identifier les impacts du changement climatique, g\u00e9rer les ressources naturelles, contr\u00f4ler la pollution, pr\u00e9venir la transmission de maladies, et pour mieux comprendre le monde naturel. Les attaques de l\u2019administration am\u00e9ricaine sur la science mettent en p\u00e9ril le progr\u00e8s vers ces objectifs. La recherche sur le changement climatique est particuli\u00e8rement menac\u00e9e. Certaines agences am\u00e9ricaines ont annul\u00e9 le financement dans ce domaine, des preuves du changement climatique ont \u00e9t\u00e9 supprim\u00e9es et le gouvernement am\u00e9ricain surveille les chercheur.euse.s canadien.ne.s qui collaborent sur des bourses financ\u00e9es par les \u00c9tats-Unis afin de s\u2019assurer que le \u00ab climat \u00bb ou la \u00ab justice environnementale \u00bb ne sont pas \u00e9tudi\u00e9s. En r\u00e9ponse, certain.ne.s chercheur.euse.s ont du retirer des termes connexes de leurs articles de recherche et rapports, r\u00e9\u00e9crire leurs demandes de financement et retirer leur nom de publications.<\/p><p>La science prosp\u00e8re sur le libre-\u00e9change des id\u00e9es et des donn\u00e9es. Le Canada et les \u00c9tats-Unis ont une riche histoire de collaboration scientifique, une collaboration qui est maintenant \u00e0 risque. En tant qu\u2019\u00e9cologistes et biologistes de l\u2019\u00e9volution, nous \u00e9tudions les plantes, les animaux, et les microbes qui se d\u00e9placent librement au-del\u00e0 des fronti\u00e8res politiques et la plupart d\u2019entre nous avons-nous-m\u00eames travers\u00e9 \u00e0 plusieurs reprises la fronti\u00e8re entre le Canada et les \u00c9tats-Unis pour poursuivre nos formations scientifiques, faire des efforts conjoints pour avancer la recherche, ou pour pr\u00e9senter nos d\u00e9couvertes.\n<br>\n<br>\nLes changements faits aux politiques d\u2019immigration et aux proc\u00e9dures transfrontali\u00e8res des \u00c9tats-Unis, ainsi que les nombreuses menaces envers la souverainet\u00e9 et l\u2019\u00e9conomie du Canada prof\u00e9r\u00e9es par le pr\u00e9sident Trump, affaiblissent d\u00e9j\u00e0 ces relations. Plusieurs scientifiques et stagiaires au Canada, de diverses citoyennet\u00e9s, h\u00e9sitent \u00e0 voyager aux \u00c9tats-Unis pour des rencontres, pour des s\u00e9minaires, ou pour la recherche, en particulier quand des chercheur.euse.s d\u2019origines \u00e9trang\u00e8res se font d\u00e9tenir, d\u00e9porter, ou refuser l\u2019entr\u00e9e aux \u00c9tats-Unis en raison de leurs vues politiques. Les universit\u00e9s canadiennes ont commenc\u00e9 \u00e0 \u00e9mettre des avis aux voyageurs concernant les voyages aux \u00c9tats-Unis et plusieurs universit\u00e9s am\u00e9ricaines conseillent aux membres internationaux de leur communaut\u00e9 \u00e9tudiante et leur facult\u00e9 de ne pas voyager \u00e0 l\u2019ext\u00e9rieur du pays, y compris au Canada. Au-del\u00e0 du ralentissement du rythme de d\u00e9couvertes scientifiques qui aura lieu, nous craignons que les membres de notre communaut\u00e9, surtout ceux en d\u00e9but de carri\u00e8re, souffriront en raison de la perte d\u2019 opportunit\u00e9s de travail et de formation. Dans un contexte de changements rapides, nous encourageons notre communaut\u00e9 \u00e0 consid\u00e9rer le besoin de d\u00e9placements transfrontaliers avec soin, de rester inform\u00e9, et de suivre les avertissements aux voyageurs aux niveaux national et universitaires.<\/p><p>En conclusion, nous encourageons nos membres \u00e0 utiliser leurs outils et leurs plateformes pour d\u00e9fendre la science, ici au Canada, et aux \u00c9tats-Unis. Nous encourageons les universit\u00e9s canadiennes \u00e0 offrir refuge aux chercheur.euse.s qui d\u00e9sirent quitter les \u00c9tats-Unis, et aux membres de la SCEE de les accueillir avec des bras ouverts dans notre communaut\u00e9. Le mois pass\u00e9, la SCEE a sign\u00e9 la lettre ouverte \u00ab Canadians in Solidarity with Stand up for Science \u00bb Evidence for Democracy (E4D) et leur campagne\u00a0<a href=\"https:\/\/evidencefordemocracy.ca\/vote-science\/\">Vote Science.<\/a>\u00a0Nous allons continuer \u00e0 d\u00e9fendre activement\u00a0<a href=\"\/fr\/\">la mission<\/a>\u00a0de notre soci\u00e9t\u00e9, l\u2019entreprise scientifique, et nous sommes pr\u00eats \u00e0 supporter les initiatives organis\u00e9es par nos membres qui visent \u00e0 d\u00e9fendre la science des deux c\u00f4t\u00e9s de la fronti\u00e8re.<\/p><p>Cordialement,<\/p><p>La Soci\u00e9t\u00e9 Canadienne de l\u2019\u00c9cologie et de l\u2019\u00c9volution<\/p>\t\t\t\t\t\t<\/div>\n\t\t\t\t<\/div>\n\t\t\t\t\t<\/div>\n\t\t\t\t<\/div>\n\t\t\t\t<\/div>\n\t\t\t\t\t<\/details>\n\t\t\t\t\t\t<details id=\"e-n-accordion-item-2841\" class=\"e-n-accordion-item\" >\n\t\t\t\t<summary class=\"e-n-accordion-item-title\" data-accordion-index=\"2\" tabindex=\"-1\" aria-expanded=\"false\" aria-controls=\"e-n-accordion-item-2841\" >\n\t\t\t\t\t<span class='e-n-accordion-item-title-header'><div class=\"e-n-accordion-item-title-text\"> Politique de publicit\u00e9 et de promotion de la SCEE <\/div><\/span>\n\t\t\t\t\t\t\t<span class='e-n-accordion-item-title-icon'>\n\t\t\t<span class='e-opened' ><svg aria-hidden=\"true\" class=\"e-font-icon-svg e-fas-minus\" viewbox=\"0 0 448 512\" xmlns=\"http:\/\/www.w3.org\/2000\/svg\"><path d=\"M416 208H32c-17.67 0-32 14.33-32 32v32c0 17.67 14.33 32 32 32h384c17.67 0 32-14.33 32-32v-32c0-17.67-14.33-32-32-32z\"><\/path><\/svg><\/span>\n\t\t\t<span class='e-closed'><svg aria-hidden=\"true\" class=\"e-font-icon-svg e-fas-plus\" viewbox=\"0 0 448 512\" xmlns=\"http:\/\/www.w3.org\/2000\/svg\"><path d=\"M416 208H272V64c0-17.67-14.33-32-32-32h-32c-17.67 0-32 14.33-32 32v144H32c-17.67 0-32 14.33-32 32v32c0 17.67 14.33 32 32 32h144v144c0 17.67 14.33 32 32 32h32c17.67 0 32-14.33 32-32V304h144c17.67 0 32-14.33 32-32v-32c0-17.67-14.33-32-32-32z\"><\/path><\/svg><\/span>\n\t\t<\/span>\n\n\t\t\t\t\t\t<\/summary>\n\t\t\t\t<div role=\"region\" aria-labelledby=\"e-n-accordion-item-2841\" class=\"elementor-element elementor-element-ffd8e4e e-con-full e-flex e-con e-child\" data-id=\"ffd8e4e\" data-element_type=\"container\">\n\t\t<div role=\"region\" aria-labelledby=\"e-n-accordion-item-2841\" class=\"elementor-element elementor-element-b24b747 e-flex e-con-boxed e-con e-child\" data-id=\"b24b747\" data-element_type=\"container\">\n\t\t\t\t\t<div class=\"e-con-inner\">\n\t\t\t\t<div class=\"elementor-element elementor-element-3a3eb6f elementor-widget elementor-widget-text-editor\" data-id=\"3a3eb6f\" data-element_type=\"widget\" data-widget_type=\"text-editor.default\">\n\t\t\t\t<div class=\"elementor-widget-container\">\n\t\t\t\t\t\t\t<p><span style=\"font-weight: 400;\">La CSEE reconna\u00eet et soutient les nombreux efforts pr\u00e9cieux d\u00e9ploy\u00e9s par ses membres et partenaires pour d\u00e9fendre la science, la conservation, les politiques, l'\u00e9quit\u00e9, la diversit\u00e9 et d'autres causes importantes. La CSEE re\u00e7oit r\u00e9guli\u00e8rement des demandes de ses membres et d'organisations souhaitant utiliser ses plateformes de communication pour promouvoir divers \u00e9v\u00e9nements, causes, conf\u00e9rences, revues et autres activit\u00e9s. Afin d'\u00e9viter de submerger nos membres, de garantir la coh\u00e9rence et l'\u00e9quit\u00e9, et de rester dans les limites de nos capacit\u00e9s en tant qu'association g\u00e9r\u00e9e par des b\u00e9n\u00e9voles, nous refusons toutes les demandes de publicit\u00e9 et de promotion, sauf dans des cas exceptionnels et dans les cas conformes \u00e0 notre \u00ab tableau d'affichage des offres d'emploi \u00bb. La CSEE concentre ses e-mails group\u00e9s et ses comptes sur les r\u00e9seaux sociaux sur la communication des \u00e9v\u00e9nements, des sujets, des activit\u00e9s et des dates limites associ\u00e9s \u00e0 la CSEE et parrain\u00e9s par celle-ci.<\/span><\/p>\t\t\t\t\t\t<\/div>\n\t\t\t\t<\/div>\n\t\t\t\t\t<\/div>\n\t\t\t\t<\/div>\n\t\t\t\t<\/div>\n\t\t\t\t\t<\/details>\n\t\t\t\t\t<\/div>\n\t\t\t\t<\/div>\n\t\t\t\t<\/div>\n\t\t\t\t\t<\/div>\n\t\t\t\t<\/div>\n\t\t\t\t<\/div>","protected":false},"excerpt":{"rendered":"<p>CSEE Statement in Support of U.S. Science April 4th, 2025 Dear Canadian Society for Ecology and Evolution Community, We write to express our alarm over the U.S. government\u2019s efforts to dismantle the U.S. scientific enterprise, and our solidarity with CSEE members at U.S. institutions, our collaborators and colleagues and all scientists based in the United [&hellip;]<\/p>","protected":false},"author":3,"featured_media":0,"parent":0,"menu_order":0,"comment_status":"closed","ping_status":"closed","template":"","meta":{"_seopress_robots_primary_cat":"","_seopress_titles_title":"","_seopress_titles_desc":"","_seopress_robots_index":"","footnotes":""},"class_list":["post-1042","page","type-page","status-publish","hentry"],"_links":{"self":[{"href":"http:\/\/csee-scee.ca\/fr\/wp-json\/wp\/v2\/pages\/1042","targetHints":{"allow":["GET"]}}],"collection":[{"href":"http:\/\/csee-scee.ca\/fr\/wp-json\/wp\/v2\/pages"}],"about":[{"href":"http:\/\/csee-scee.ca\/fr\/wp-json\/wp\/v2\/types\/page"}],"author":[{"embeddable":true,"href":"http:\/\/csee-scee.ca\/fr\/wp-json\/wp\/v2\/users\/3"}],"replies":[{"embeddable":true,"href":"http:\/\/csee-scee.ca\/fr\/wp-json\/wp\/v2\/comments?post=1042"}],"version-history":[{"count":17,"href":"http:\/\/csee-scee.ca\/fr\/wp-json\/wp\/v2\/pages\/1042\/revisions"}],"predecessor-version":[{"id":2572,"href":"http:\/\/csee-scee.ca\/fr\/wp-json\/wp\/v2\/pages\/1042\/revisions\/2572"}],"wp:attachment":[{"href":"http:\/\/csee-scee.ca\/fr\/wp-json\/wp\/v2\/media?parent=1042"}],"curies":[{"name":"wp","href":"https:\/\/api.w.org\/{rel}","templated":true}]}}